{"id":3841,"date":"2023-04-27T13:11:32","date_gmt":"2023-04-27T11:11:32","guid":{"rendered":"https:\/\/autospace.md\/?post_type=product&#038;p=3841"},"modified":"2025-12-17T09:45:01","modified_gmt":"2025-12-17T07:45:01","slug":"bmw-ce04","status":"publish","type":"product","link":"https:\/\/autospace.md\/ru\/product\/bmw-ce04\/","title":{"rendered":"BMW CE04"},"content":{"rendered":"<ul>\n<li>\u0410\u0434\u0430\u043f\u0442\u0438\u0432\u043d\u044b\u0435 \u0444\u0430\u0440\u044b<\/li>\n<li>Parbriz colorat<\/li>\n<li>\u0414\u043d\u0435\u0432\u043d\u044b\u0435 \u0445\u043e\u0434\u043e\u0432\u044b\u0435 \u043e\u0433\u043d\u0438<\/li>\n<li>\u041f\u0440\u043e\u0444\u0435\u0441\u0441\u0438\u043e\u043d\u0430\u043b\u044c\u043d\u0430\u044f \u0444\u0430\u0440\u0430<\/li>\n<li>Moduri de condus profesionale<\/li>\n<li>\u00cenc\u0103lzire scaun<\/li>\n<li>M\u00e2nere incalzite<\/li>\n<li>Monitorizare presiune pneuri<\/li>\n<li>ABS profesional<\/li>\n<li>Sistem de alarm\u0103<\/li>\n<li>Suport principal<\/li>\n<li>\u041f\u0430\u043a\u0435\u0442 Dinamic<\/li>\n<li>Stil Avantgarde<\/li>\n<li>Culoare Magellan grey metallic<\/li>\n<li>Scaun confortabil cu sp\u0103tar II<\/li>\n<li>5-\u043b\u0435\u0442\u043d\u044f\u044f \u0433\u0430\u0440\u0430\u043d\u0442\u0438\u044f<\/li>\n<li>Manual de utilizare \u00een limba rom\u00e2n\u0103<\/li>\n<li>Cablu de \u00eenc\u0103rcare<\/li>\n<\/ul>","protected":false},"excerpt":{"rendered":"<ul>\n<li>Optional equipment Civil<\/li>\n<li>\u0410\u0434\u0430\u043f\u0442\u0438\u0432\u043d\u044b\u0435 \u0444\u0430\u0440\u044b<\/li>\n<li>Parbriz colorat<\/li>\n<li>\u0414\u043d\u0435\u0432\u043d\u044b\u0435 \u0445\u043e\u0434\u043e\u0432\u044b\u0435 \u043e\u0433\u043d\u0438<\/li>\n<li>\u041f\u0440\u043e\u0444\u0435\u0441\u0441\u0438\u043e\u043d\u0430\u043b\u044c\u043d\u0430\u044f \u0444\u0430\u0440\u0430<\/li>\n<li>Moduri de condus profesionale<\/li>\n<li>Inc\u0103lzire in scaun<\/li>\n<li>M\u00e2nere incalzite<\/li>\n<li>Monitorizare presiune pneuri<\/li>\n<li>ABS profesional<\/li>\n<li>Sistem de alarm\u0103<\/li>\n<li>Suport principal<\/li>\n<li>\u041f\u0430\u043a\u0435\u0442 Dinamic<\/li>\n<li>Stil Avantgarde<\/li>\n<li>Culoare Magellan grey metallic<\/li>\n<li>Scaun confortabil cu sp\u0103tar II<\/li>\n<li>5-\u043b\u0435\u0442\u043d\u044f\u044f \u0433\u0430\u0440\u0430\u043d\u0442\u0438\u044f<\/li>\n<li>Manual de utilizare \u00een limba rom\u00e2n\u0103<\/li>\n<li>VIN: WB10C5109P 6H26692<\/li>\n<\/ul>\n<p>&nbsp;<\/p>","protected":false},"featured_media":3824,"comment_status":"open","ping_status":"closed","template":"","meta":{"_acf_changed":false},"product_cat":[20],"product_tag":[],"class_list":["post-3841","product","type-product","status-publish","has-post-thumbnail","hentry","product_cat-motociclete"],"acf":[],"_links":{"self":[{"href":"https:\/\/autospace.md\/ru\/wp-json\/wp\/v2\/product\/3841","targetHints":{"allow":["GET"]}}],"collection":[{"href":"https:\/\/autospace.md\/ru\/wp-json\/wp\/v2\/product"}],"about":[{"href":"https:\/\/autospace.md\/ru\/wp-json\/wp\/v2\/types\/product"}],"replies":[{"embeddable":true,"href":"https:\/\/autospace.md\/ru\/wp-json\/wp\/v2\/comments?post=3841"}],"version-history":[{"count":6,"href":"https:\/\/autospace.md\/ru\/wp-json\/wp\/v2\/product\/3841\/revisions"}],"predecessor-version":[{"id":7335,"href":"https:\/\/autospace.md\/ru\/wp-json\/wp\/v2\/product\/3841\/revisions\/7335"}],"wp:featuredmedia":[{"embeddable":true,"href":"https:\/\/autospace.md\/ru\/wp-json\/wp\/v2\/media\/3824"}],"wp:attachment":[{"href":"https:\/\/autospace.md\/ru\/wp-json\/wp\/v2\/media?parent=3841"}],"wp:term":[{"taxonomy":"product_cat","embeddable":true,"href":"https:\/\/autospace.md\/ru\/wp-json\/wp\/v2\/product_cat?post=3841"},{"taxonomy":"product_tag","embeddable":true,"href":"https:\/\/autospace.md\/ru\/wp-json\/wp\/v2\/product_tag?post=3841"}],"curies":[{"name":"wp","href":"https:\/\/api.w.org\/{rel}","templated":true}]}}