{"id":4193,"date":"2023-11-12T17:45:32","date_gmt":"2023-11-12T15:45:32","guid":{"rendered":"https:\/\/autospace.md\/?post_type=product&#038;p=4193"},"modified":"2025-10-04T12:19:52","modified_gmt":"2025-10-04T10:19:52","slug":"jante-pentru-x7-g07-style-754m","status":"publish","type":"product","link":"https:\/\/autospace.md\/ru\/product\/jante-pentru-x7-g07-style-754m\/","title":{"rendered":"Jante pentru X7 (G07) Style 754M"},"content":{"rendered":"","protected":false},"excerpt":{"rendered":"<p>Janta de 21 inchi M din aliaj u\u0219or de calitate superioar\u0103, stil 754 M, cu spi\u021be duble, este proiectat\u0103 \u00een Bicolor Orbit Grey, lucioas\u0103, cu sigla M colorat\u0103 \u0219i confer\u0103 vehiculului un aspect foarte sportiv.<\/p>\n<p>Combina\u021biile de ro\u021bi \u0219i anvelope aprobate pentru vehiculul dumneavoastr\u0103 sunt disponibile la cerere.<\/p>","protected":false},"featured_media":4194,"comment_status":"open","ping_status":"closed","template":"","meta":{"_acf_changed":false},"product_cat":[359],"product_tag":[],"class_list":["post-4193","product","type-product","status-publish","has-post-thumbnail","hentry","product_cat-jante"],"acf":[],"_links":{"self":[{"href":"https:\/\/autospace.md\/ru\/wp-json\/wp\/v2\/product\/4193","targetHints":{"allow":["GET"]}}],"collection":[{"href":"https:\/\/autospace.md\/ru\/wp-json\/wp\/v2\/product"}],"about":[{"href":"https:\/\/autospace.md\/ru\/wp-json\/wp\/v2\/types\/product"}],"replies":[{"embeddable":true,"href":"https:\/\/autospace.md\/ru\/wp-json\/wp\/v2\/comments?post=4193"}],"version-history":[{"count":6,"href":"https:\/\/autospace.md\/ru\/wp-json\/wp\/v2\/product\/4193\/revisions"}],"predecessor-version":[{"id":4280,"href":"https:\/\/autospace.md\/ru\/wp-json\/wp\/v2\/product\/4193\/revisions\/4280"}],"wp:featuredmedia":[{"embeddable":true,"href":"https:\/\/autospace.md\/ru\/wp-json\/wp\/v2\/media\/4194"}],"wp:attachment":[{"href":"https:\/\/autospace.md\/ru\/wp-json\/wp\/v2\/media?parent=4193"}],"wp:term":[{"taxonomy":"product_cat","embeddable":true,"href":"https:\/\/autospace.md\/ru\/wp-json\/wp\/v2\/product_cat?post=4193"},{"taxonomy":"product_tag","embeddable":true,"href":"https:\/\/autospace.md\/ru\/wp-json\/wp\/v2\/product_tag?post=4193"}],"curies":[{"name":"wp","href":"https:\/\/api.w.org\/{rel}","templated":true}]}}