{"id":4228,"date":"2023-11-13T11:07:58","date_gmt":"2023-11-13T09:07:58","guid":{"rendered":"https:\/\/autospace.md\/?post_type=product&#038;p=4228"},"modified":"2025-10-07T13:40:51","modified_gmt":"2025-10-07T11:40:51","slug":"jante-pentru-x6-g05-g06-style-740-m","status":"publish","type":"product","link":"https:\/\/autospace.md\/ru\/product\/jante-pentru-x6-g05-g06-style-740-m\/","title":{"rendered":"Jante pentru X6, X5 (G05 G06) Style 740M"},"content":{"rendered":"","protected":false},"excerpt":{"rendered":"<p>Janta din aliaj u\u0219or BMW de 20 inchi de calitate superioar\u0103, stil 740 M cu spi\u021be \u00een stea, \u00een bicolor (Orbit grey, strungat\u0103 cu luciu) confer\u0103 vehiculului un aspect foarte sportiv.<\/p>\n<p>Combina\u021biile de ro\u021bi \u0219i anvelope aprobate pentru vehiculul dumneavoastr\u0103 sunt disponibile la cerere.<\/p>","protected":false},"featured_media":4291,"comment_status":"open","ping_status":"closed","template":"","meta":{"_acf_changed":false},"product_cat":[359],"product_tag":[],"class_list":["post-4228","product","type-product","status-publish","has-post-thumbnail","hentry","product_cat-jante"],"acf":[],"_links":{"self":[{"href":"https:\/\/autospace.md\/ru\/wp-json\/wp\/v2\/product\/4228","targetHints":{"allow":["GET"]}}],"collection":[{"href":"https:\/\/autospace.md\/ru\/wp-json\/wp\/v2\/product"}],"about":[{"href":"https:\/\/autospace.md\/ru\/wp-json\/wp\/v2\/types\/product"}],"replies":[{"embeddable":true,"href":"https:\/\/autospace.md\/ru\/wp-json\/wp\/v2\/comments?post=4228"}],"version-history":[{"count":7,"href":"https:\/\/autospace.md\/ru\/wp-json\/wp\/v2\/product\/4228\/revisions"}],"predecessor-version":[{"id":6848,"href":"https:\/\/autospace.md\/ru\/wp-json\/wp\/v2\/product\/4228\/revisions\/6848"}],"wp:featuredmedia":[{"embeddable":true,"href":"https:\/\/autospace.md\/ru\/wp-json\/wp\/v2\/media\/4291"}],"wp:attachment":[{"href":"https:\/\/autospace.md\/ru\/wp-json\/wp\/v2\/media?parent=4228"}],"wp:term":[{"taxonomy":"product_cat","embeddable":true,"href":"https:\/\/autospace.md\/ru\/wp-json\/wp\/v2\/product_cat?post=4228"},{"taxonomy":"product_tag","embeddable":true,"href":"https:\/\/autospace.md\/ru\/wp-json\/wp\/v2\/product_tag?post=4228"}],"curies":[{"name":"wp","href":"https:\/\/api.w.org\/{rel}","templated":true}]}}