{"id":4269,"date":"2023-11-14T10:24:34","date_gmt":"2023-11-14T08:24:34","guid":{"rendered":"https:\/\/autospace.md\/?post_type=product&#038;p=4269"},"modified":"2025-12-15T09:19:47","modified_gmt":"2025-12-15T07:19:47","slug":"jante-pentru-bmw-ix-i20-style-1012","status":"publish","type":"product","link":"https:\/\/autospace.md\/ru\/product\/jante-pentru-bmw-ix-i20-style-1012\/","title":{"rendered":"Jante pentru BMW iX (I20) Style 1012"},"content":{"rendered":"","protected":false},"excerpt":{"rendered":"<p>Jante de 21 inchi M din aliaj u\u0219or de \u00eenalt\u0103 calitate, stil 1012 M, cu spi\u021be stelate, este proiectat\u0103 \u00een Bicolor Midnight Grey, lucioas\u0103 cu sigla M colorat\u0103 \u0219i confer\u0103 vehiculului un aspect foarte sportiv.<\/p>\n<p>Combina\u021biile de ro\u021bi \u0219i anvelope aprobate pentru vehiculul dumneavoastr\u0103 sunt disponibile la cerere.<\/p>\n<p>&nbsp;<\/p>","protected":false},"featured_media":5329,"comment_status":"open","ping_status":"closed","template":"","meta":{"_acf_changed":false},"product_cat":[359],"product_tag":[],"class_list":["post-4269","product","type-product","status-publish","has-post-thumbnail","hentry","product_cat-jante"],"acf":[],"_links":{"self":[{"href":"https:\/\/autospace.md\/ru\/wp-json\/wp\/v2\/product\/4269","targetHints":{"allow":["GET"]}}],"collection":[{"href":"https:\/\/autospace.md\/ru\/wp-json\/wp\/v2\/product"}],"about":[{"href":"https:\/\/autospace.md\/ru\/wp-json\/wp\/v2\/types\/product"}],"replies":[{"embeddable":true,"href":"https:\/\/autospace.md\/ru\/wp-json\/wp\/v2\/comments?post=4269"}],"version-history":[{"count":4,"href":"https:\/\/autospace.md\/ru\/wp-json\/wp\/v2\/product\/4269\/revisions"}],"predecessor-version":[{"id":6832,"href":"https:\/\/autospace.md\/ru\/wp-json\/wp\/v2\/product\/4269\/revisions\/6832"}],"wp:featuredmedia":[{"embeddable":true,"href":"https:\/\/autospace.md\/ru\/wp-json\/wp\/v2\/media\/5329"}],"wp:attachment":[{"href":"https:\/\/autospace.md\/ru\/wp-json\/wp\/v2\/media?parent=4269"}],"wp:term":[{"taxonomy":"product_cat","embeddable":true,"href":"https:\/\/autospace.md\/ru\/wp-json\/wp\/v2\/product_cat?post=4269"},{"taxonomy":"product_tag","embeddable":true,"href":"https:\/\/autospace.md\/ru\/wp-json\/wp\/v2\/product_tag?post=4269"}],"curies":[{"name":"wp","href":"https:\/\/api.w.org\/{rel}","templated":true}]}}