{"id":4570,"date":"2024-03-22T14:10:49","date_gmt":"2024-03-22T12:10:49","guid":{"rendered":"https:\/\/autospace.md\/?post_type=product&#038;p=4570"},"modified":"2025-10-03T14:50:38","modified_gmt":"2025-10-03T12:50:38","slug":"mitsubishi-outlander-25-at-intense","status":"publish","type":"product","link":"https:\/\/autospace.md\/ru\/product\/mitsubishi-outlander-25-at-intense\/","title":{"rendered":"Mitsubishi Outlander 2,5 AT Intense"},"content":{"rendered":"<p>Airbag-uri frontale \u0219ofer \u0219i pasager, Airbag genunchi \u0219ofer<\/p>\n<p>Airbag-uri laterale \u0219ofer \u0219i pasager \u0219i airbag-uri de tip cortin\u0103<\/p>\n<p>ABS (Anti-lock Braking System)+EBD (Electronic Brake-force Distribution)+BA (Brake Assist)<\/p>\n<p>ASC+TCL (Sistem de control activ al stabilit\u0103\u021bii \u0219i trac\u021biunii)<\/p>\n<p>Sistem de monitorizare a presiunii \u00een ro\u021bi (TPMS)<\/p>\n<p>Hill Descent Control (HDC)<\/p>\n<p>Sistem de operare inteligent f\u0103r\u0103 cheie (KOS)<\/p>\n<p>Geamuri fa\u021b\u0103\/spate ac\u021bionate electric<\/p>\n<p>Roata de rezerv\u0103 de mici dimensiuni (T155\/90D18)<\/p>\n<p>Volan reglabil pe \u00een\u0103ltime \u0219i ad\u00e2ncime, \u00eembr\u0103cat \u00een piele, prev\u0103zut cu padele<\/p>\n<p>Volan cu func\u021bie de \u00eenc\u0103lzire<\/p>\n<p>Scaune fa\u021b\u0103 \u00eenc\u0103lzite<\/p>\n<p>Cotier\u0103 fa\u021b\u0103<\/p>\n<p>Bancheta spate cu sp\u0103tar rabatabil cu op\u021biune de pliere asimetric\u0103 40\/20\/40<\/p>\n<p>Rulou interior portbagaj<\/p>\n<p>\u0422\u0440\u0435\u0442\u0438\u0439 \u0440\u044f\u0434 \u0441\u0438\u0434\u0435\u043d\u0438\u0439;<\/p>\n<p>Oglinzi laterale exterioare \u00eenc\u0103lzite \u00een culoarea caroseriei, reglabile \u0219i rabatabile electric \u0219i cu semnalizatoare integrate<\/p>\n<p>\u0417\u0430\u0434\u043d\u0438\u0439 \u0441\u043f\u043e\u0439\u043b\u0435\u0440;<\/p>\n<p>Proiectoare cea\u021b\u0103 fa\u021b\u0103 de tip LED<\/p>\n<p>Faruri de tip LED cu reglare manual\u0103<\/p>\n<p>Senzori de parcare<\/p>\n<p>Sistem Super All Wheel Control (S-AWC)<\/p>\n<p>\u0422\u043e\u0440\u043c\u043e\u0437\u043d\u0430\u044f \u0441\u0438\u0441\u0442\u0435\u043c\u0430 \u0441 \u0430\u043a\u0442\u0438\u0432\u043d\u044b\u043c \u043a\u043e\u043d\u0442\u0440\u043e\u043b\u0435\u043c \u0440\u044b\u0441\u043a\u0430\u043d\u0438\u044f (AYC Brake);<\/p>\n<p>Deschidere \u0219i \u00eenchidere a 5-poart\u0103 electric\u0103<\/p>\n<p>Panou digital 12,3 Inch<\/p>\n<p>Fr\u00e2n\u0103 de parcare ac\u021bionat\u0103 electric \u0219i func\u021bie de Brake Auto Hold<\/p>\n<p>Aer condi\u021bionat trei-zone<\/p>\n<p>Smartphone Link Display Audio Mitsubishi SDA, cu display de 9 inch, Apple CarPlay, Google Android Auto<\/p>\n<p>Camer\u0103 pentru mar\u0219arier<\/p>\n<p>Func\u021bii hands free Bluetooth, audio cu comenzi pe volan<\/p>\n<p>Cruise control cu comenzi pe volan<br \/>\nTapi\u021berie din piele sintetic\u0103 cu inser\u021bii de tes\u0103tur\u0103<br \/>\n\u0412\u043e\u0434\u0438\u0442\u0435\u043b\u044c\u0441\u043a\u043e\u0435 \u0441\u0438\u0434\u0435\u043d\u044c\u0435 \u0441 \u044d\u043b\u0435\u043a\u0442\u0440\u043e\u043f\u0440\u0438\u0432\u043e\u0434\u043e\u043c;<\/p>\n<p>Spa\u021biu pentru depozitarea ochelarilor<\/p>\n<p>Oglind\u0103 retrovizoare cu func\u021bie automat\u0103 anti orbire<\/p>\n<p>Jante de aliaj u\u0219or de 18inch cu pneuri de 235\/60R18<\/p>\n<p>Geamuri fumurii (laterale spate \u0219i lunet\u0103)<\/p>\n<p>Bandouri laterale negre, ornamente bara fa\u021b\u0103 \u0219i spate negre<\/p>\n<p>Parbriz \u00eenc\u0103lzit \u00een zona \u0219tergatoarelor<\/p>\n<p>Sistem de autoaprindere a farurilor \u0219i senzor de ploaie<\/p>\n<p>\u00cenc\u0103rc\u0103tor f\u0103r\u0103 fir<\/p>","protected":false},"excerpt":{"rendered":"<p>Airbag-uri frontale \u0219ofer \u0219i pasager, Airbag genunchi \u0219ofer Airbag-uri laterale \u0219ofer \u0219i pasager \u0219i airbag-uri de tip cortin\u0103 ABS (Anti-lock<\/p>","protected":false},"featured_media":6094,"comment_status":"open","ping_status":"closed","template":"","meta":{"_acf_changed":false},"product_cat":[19],"product_tag":[],"class_list":["post-4570","product","type-product","status-publish","has-post-thumbnail","hentry","product_cat-automobile-noi"],"acf":[],"_links":{"self":[{"href":"https:\/\/autospace.md\/ru\/wp-json\/wp\/v2\/product\/4570","targetHints":{"allow":["GET"]}}],"collection":[{"href":"https:\/\/autospace.md\/ru\/wp-json\/wp\/v2\/product"}],"about":[{"href":"https:\/\/autospace.md\/ru\/wp-json\/wp\/v2\/types\/product"}],"replies":[{"embeddable":true,"href":"https:\/\/autospace.md\/ru\/wp-json\/wp\/v2\/comments?post=4570"}],"version-history":[{"count":2,"href":"https:\/\/autospace.md\/ru\/wp-json\/wp\/v2\/product\/4570\/revisions"}],"predecessor-version":[{"id":4629,"href":"https:\/\/autospace.md\/ru\/wp-json\/wp\/v2\/product\/4570\/revisions\/4629"}],"wp:featuredmedia":[{"embeddable":true,"href":"https:\/\/autospace.md\/ru\/wp-json\/wp\/v2\/media\/6094"}],"wp:attachment":[{"href":"https:\/\/autospace.md\/ru\/wp-json\/wp\/v2\/media?parent=4570"}],"wp:term":[{"taxonomy":"product_cat","embeddable":true,"href":"https:\/\/autospace.md\/ru\/wp-json\/wp\/v2\/product_cat?post=4570"},{"taxonomy":"product_tag","embeddable":true,"href":"https:\/\/autospace.md\/ru\/wp-json\/wp\/v2\/product_tag?post=4570"}],"curies":[{"name":"wp","href":"https:\/\/api.w.org\/{rel}","templated":true}]}}