{"id":5306,"date":"2024-10-25T14:26:40","date_gmt":"2024-10-25T12:26:40","guid":{"rendered":"https:\/\/autospace.md\/?post_type=product&#038;p=5306"},"modified":"2026-01-02T11:54:16","modified_gmt":"2026-01-02T09:54:16","slug":"jante-pentru-x6-x5-g05-g06-style-748-m","status":"publish","type":"product","link":"https:\/\/autospace.md\/ru\/product\/jante-pentru-x6-x5-g05-g06-style-748-m\/","title":{"rendered":"Jante pentru X6, X5 (G05 G06) Style 748 M"},"content":{"rendered":"","protected":false},"excerpt":{"rendered":"<p>Janta de 20 inchi M din aliaj u\u0219or de calitate superioar\u0103, stil 748 M, cu spi\u021be stelate, este proiectat\u0103 \u00een Jet Black mat, este optimizat\u0103 din punct de vedere al greut\u0103\u021bii cu formarea fluxului \u0219i confer\u0103 vehiculului un aspect foarte sportiv \u0219i exclusiv.<\/p>\n<p>Combina\u021biile de ro\u021bi \u0219i anvelope aprobate pentru vehiculul dumneavoastr\u0103 sunt disponibile la cerere.<\/p>","protected":false},"featured_media":4247,"comment_status":"open","ping_status":"closed","template":"","meta":{"_acf_changed":false},"product_cat":[359],"product_tag":[],"class_list":["post-5306","product","type-product","status-publish","has-post-thumbnail","hentry","product_cat-jante"],"acf":[],"_links":{"self":[{"href":"https:\/\/autospace.md\/ru\/wp-json\/wp\/v2\/product\/5306","targetHints":{"allow":["GET"]}}],"collection":[{"href":"https:\/\/autospace.md\/ru\/wp-json\/wp\/v2\/product"}],"about":[{"href":"https:\/\/autospace.md\/ru\/wp-json\/wp\/v2\/types\/product"}],"replies":[{"embeddable":true,"href":"https:\/\/autospace.md\/ru\/wp-json\/wp\/v2\/comments?post=5306"}],"version-history":[{"count":3,"href":"https:\/\/autospace.md\/ru\/wp-json\/wp\/v2\/product\/5306\/revisions"}],"predecessor-version":[{"id":6841,"href":"https:\/\/autospace.md\/ru\/wp-json\/wp\/v2\/product\/5306\/revisions\/6841"}],"wp:featuredmedia":[{"embeddable":true,"href":"https:\/\/autospace.md\/ru\/wp-json\/wp\/v2\/media\/4247"}],"wp:attachment":[{"href":"https:\/\/autospace.md\/ru\/wp-json\/wp\/v2\/media?parent=5306"}],"wp:term":[{"taxonomy":"product_cat","embeddable":true,"href":"https:\/\/autospace.md\/ru\/wp-json\/wp\/v2\/product_cat?post=5306"},{"taxonomy":"product_tag","embeddable":true,"href":"https:\/\/autospace.md\/ru\/wp-json\/wp\/v2\/product_tag?post=5306"}],"curies":[{"name":"wp","href":"https:\/\/api.w.org\/{rel}","templated":true}]}}