{"id":5309,"date":"2024-10-25T14:29:36","date_gmt":"2024-10-25T12:29:36","guid":{"rendered":"https:\/\/autospace.md\/?post_type=product&#038;p=5309"},"modified":"2025-10-07T13:36:08","modified_gmt":"2025-10-07T11:36:08","slug":"jante-pentru-x1-x2-u11-u10-style-879","status":"publish","type":"product","link":"https:\/\/autospace.md\/ru\/product\/jante-pentru-x1-x2-u11-u10-style-879\/","title":{"rendered":"Jante pentru X1, X2 (U11\/U10) Style 879"},"content":{"rendered":"","protected":false},"excerpt":{"rendered":"<p>Janta din aliaj u\u0219or BMW de 20 inchi de calitate superioar\u0103, stil 879 cu spi\u021be \u00een stea, Frozen Funmetal, strungat\u0103 cu luciu) confer\u0103 vehiculului un aspect foarte sportiv.<\/p>\n<p>Combina\u021biile de ro\u021bi \u0219i anvelope aprobate pentru vehiculul dumneavoastr\u0103 sunt disponibile la cerere.<\/p>","protected":false},"featured_media":5327,"comment_status":"open","ping_status":"closed","template":"","meta":{"_acf_changed":false},"product_cat":[359],"product_tag":[],"class_list":["post-5309","product","type-product","status-publish","has-post-thumbnail","hentry","product_cat-jante"],"acf":[],"_links":{"self":[{"href":"https:\/\/autospace.md\/ru\/wp-json\/wp\/v2\/product\/5309","targetHints":{"allow":["GET"]}}],"collection":[{"href":"https:\/\/autospace.md\/ru\/wp-json\/wp\/v2\/product"}],"about":[{"href":"https:\/\/autospace.md\/ru\/wp-json\/wp\/v2\/types\/product"}],"replies":[{"embeddable":true,"href":"https:\/\/autospace.md\/ru\/wp-json\/wp\/v2\/comments?post=5309"}],"version-history":[{"count":2,"href":"https:\/\/autospace.md\/ru\/wp-json\/wp\/v2\/product\/5309\/revisions"}],"predecessor-version":[{"id":6845,"href":"https:\/\/autospace.md\/ru\/wp-json\/wp\/v2\/product\/5309\/revisions\/6845"}],"wp:featuredmedia":[{"embeddable":true,"href":"https:\/\/autospace.md\/ru\/wp-json\/wp\/v2\/media\/5327"}],"wp:attachment":[{"href":"https:\/\/autospace.md\/ru\/wp-json\/wp\/v2\/media?parent=5309"}],"wp:term":[{"taxonomy":"product_cat","embeddable":true,"href":"https:\/\/autospace.md\/ru\/wp-json\/wp\/v2\/product_cat?post=5309"},{"taxonomy":"product_tag","embeddable":true,"href":"https:\/\/autospace.md\/ru\/wp-json\/wp\/v2\/product_tag?post=5309"}],"curies":[{"name":"wp","href":"https:\/\/api.w.org\/{rel}","templated":true}]}}