{"id":5318,"date":"2024-10-25T14:52:50","date_gmt":"2024-10-25T12:52:50","guid":{"rendered":"https:\/\/autospace.md\/?post_type=product&#038;p=5318"},"modified":"2025-10-08T10:56:40","modified_gmt":"2025-10-08T08:56:40","slug":"jante-pentru-bmw-i4-g26-style-858m-%d0%ba%d0%be%d0%bf%d0%b8%d1%80%d0%be%d0%b2%d0%b0%d1%82%d1%8c-%d0%ba%d0%be%d0%bf%d0%b8%d1%80%d0%be%d0%b2%d0%b0%d1%82%d1%8c","status":"publish","type":"product","link":"https:\/\/autospace.md\/ru\/product\/jante-pentru-bmw-i4-g26-style-858m-%d0%ba%d0%be%d0%bf%d0%b8%d1%80%d0%be%d0%b2%d0%b0%d1%82%d1%8c-%d0%ba%d0%be%d0%bf%d0%b8%d1%80%d0%be%d0%b2%d0%b0%d1%82%d1%8c\/","title":{"rendered":"Jante pentru BMW 5 G60 Style 942M"},"content":{"rendered":"","protected":false},"excerpt":{"rendered":"<p>Jante din aliaj u\u0219or M Performance de 19&#8243;,spi\u021b\u0103 Y, 942M, negru jet mat, \u00een Pirelli P-Zero winter, cu sigla M colorat\u0103 \u0219i confer\u0103 vehiculului un aspect foarte sportiv.<\/p>\n<p>Combina\u021biile de ro\u021bi \u0219i anvelope aprobate pentru vehiculul dumneavoastr\u0103 sunt disponibile la cerere.<\/p>\n<p>&nbsp;<\/p>","protected":false},"featured_media":6850,"comment_status":"open","ping_status":"closed","template":"","meta":{"_acf_changed":false},"product_cat":[359],"product_tag":[],"class_list":["post-5318","product","type-product","status-publish","has-post-thumbnail","hentry","product_cat-jante"],"acf":[],"_links":{"self":[{"href":"https:\/\/autospace.md\/ru\/wp-json\/wp\/v2\/product\/5318","targetHints":{"allow":["GET"]}}],"collection":[{"href":"https:\/\/autospace.md\/ru\/wp-json\/wp\/v2\/product"}],"about":[{"href":"https:\/\/autospace.md\/ru\/wp-json\/wp\/v2\/types\/product"}],"replies":[{"embeddable":true,"href":"https:\/\/autospace.md\/ru\/wp-json\/wp\/v2\/comments?post=5318"}],"version-history":[{"count":4,"href":"https:\/\/autospace.md\/ru\/wp-json\/wp\/v2\/product\/5318\/revisions"}],"predecessor-version":[{"id":6843,"href":"https:\/\/autospace.md\/ru\/wp-json\/wp\/v2\/product\/5318\/revisions\/6843"}],"wp:featuredmedia":[{"embeddable":true,"href":"https:\/\/autospace.md\/ru\/wp-json\/wp\/v2\/media\/6850"}],"wp:attachment":[{"href":"https:\/\/autospace.md\/ru\/wp-json\/wp\/v2\/media?parent=5318"}],"wp:term":[{"taxonomy":"product_cat","embeddable":true,"href":"https:\/\/autospace.md\/ru\/wp-json\/wp\/v2\/product_cat?post=5318"},{"taxonomy":"product_tag","embeddable":true,"href":"https:\/\/autospace.md\/ru\/wp-json\/wp\/v2\/product_tag?post=5318"}],"curies":[{"name":"wp","href":"https:\/\/api.w.org\/{rel}","templated":true}]}}