{"id":5344,"date":"2024-10-28T14:51:43","date_gmt":"2024-10-28T12:51:43","guid":{"rendered":"https:\/\/autospace.md\/?post_type=product&#038;p=5344"},"modified":"2025-10-07T13:11:25","modified_gmt":"2025-10-07T11:11:25","slug":"jante-pentru-bmw-x3-g45-style-1035m","status":"publish","type":"product","link":"https:\/\/autospace.md\/ru\/product\/jante-pentru-bmw-x3-g45-style-1035m\/","title":{"rendered":"Jante pentru BMW X3 G45 Style 1035M"},"content":{"rendered":"","protected":false},"excerpt":{"rendered":"<p>Jante M din aliaj u\u015for de 19\u201d, spi\u021b\u0103 Y, tip 1035 M, \u00een Gri Midnight, lucioase. Roat\u0103 complet\u0103 de iarn\u0103 cu controlul presiunii \u00een anvelope, compatibile cu lan\u021burile pentru z\u0103pad\u0103.<\/p>","protected":false},"featured_media":5345,"comment_status":"open","ping_status":"closed","template":"","meta":{"_acf_changed":false},"product_cat":[359],"product_tag":[],"class_list":["post-5344","product","type-product","status-publish","has-post-thumbnail","hentry","product_cat-jante"],"acf":[],"_links":{"self":[{"href":"https:\/\/autospace.md\/ru\/wp-json\/wp\/v2\/product\/5344","targetHints":{"allow":["GET"]}}],"collection":[{"href":"https:\/\/autospace.md\/ru\/wp-json\/wp\/v2\/product"}],"about":[{"href":"https:\/\/autospace.md\/ru\/wp-json\/wp\/v2\/types\/product"}],"replies":[{"embeddable":true,"href":"https:\/\/autospace.md\/ru\/wp-json\/wp\/v2\/comments?post=5344"}],"version-history":[{"count":3,"href":"https:\/\/autospace.md\/ru\/wp-json\/wp\/v2\/product\/5344\/revisions"}],"predecessor-version":[{"id":6828,"href":"https:\/\/autospace.md\/ru\/wp-json\/wp\/v2\/product\/5344\/revisions\/6828"}],"wp:featuredmedia":[{"embeddable":true,"href":"https:\/\/autospace.md\/ru\/wp-json\/wp\/v2\/media\/5345"}],"wp:attachment":[{"href":"https:\/\/autospace.md\/ru\/wp-json\/wp\/v2\/media?parent=5344"}],"wp:term":[{"taxonomy":"product_cat","embeddable":true,"href":"https:\/\/autospace.md\/ru\/wp-json\/wp\/v2\/product_cat?post=5344"},{"taxonomy":"product_tag","embeddable":true,"href":"https:\/\/autospace.md\/ru\/wp-json\/wp\/v2\/product_tag?post=5344"}],"curies":[{"name":"wp","href":"https:\/\/api.w.org\/{rel}","templated":true}]}}