{"id":5650,"date":"2025-03-04T13:28:33","date_gmt":"2025-03-04T11:28:33","guid":{"rendered":"https:\/\/autospace.md\/?post_type=product&#038;p=5650"},"modified":"2025-11-11T10:36:11","modified_gmt":"2025-11-11T08:36:11","slug":"bmw-520i-touring","status":"publish","type":"product","link":"https:\/\/autospace.md\/ru\/product\/bmw-520i-touring\/","title":{"rendered":"BMW 520i Touring"},"content":{"rendered":"<ul>\n<li>\u041f\u043e\u0434\u0443\u0448\u043a\u0438 \u0431\u0435\u0437\u043e\u043f\u0430\u0441\u043d\u043e\u0441\u0442\u0438 \u0434\u043b\u044f \u0432\u043e\u0434\u0438\u0442\u0435\u043b\u044f \u0438 \u043f\u0435\u0440\u0435\u0434\u043d\u0435\u0433\u043e \u043f\u0430\u0441\u0441\u0430\u0436\u0438\u0440\u0430;<\/li>\n<li>\u0413\u043e\u043b\u043e\u0432\u043d\u044b\u0435 \u043f\u043e\u0434\u0443\u0448\u043a\u0438 \u0431\u0435\u0437\u043e\u043f\u0430\u0441\u043d\u043e\u0441\u0442\u0438 \u0434\u043b\u044f \u043f\u0435\u0440\u0432\u043e\u0433\u043e \u0438 \u0432\u0442\u043e\u0440\u043e\u0433\u043e \u0440\u044f\u0434\u0430 \u0441\u0438\u0434\u0435\u043d\u0438\u0439;<\/li>\n<li>Airbag-uri laterale pentru conduc\u0103torul auto \u015fi pasagerul fa\u0163\u0103;<\/li>\n<li>Protec\u0163ie \u00een cazul unui impact lateral;<\/li>\n<li>\u0422\u0440\u0435\u0445\u0442\u043e\u0447\u0435\u0447\u043d\u044b\u0439 \u0440\u0435\u043c\u0435\u043d\u044c \u0431\u0435\u0437\u043e\u043f\u0430\u0441\u043d\u043e\u0441\u0442\u0438;<\/li>\n<li>Sistem de prindere ISOFIX pentru scaun copil;<\/li>\n<li>Portiere spate cu sistem de blocare mecanic\u0103 pentru protec\u0163ie copii;<\/li>\n<li>\u0410\u043d\u0442\u0438\u0431\u043b\u043e\u043a\u0438\u0440\u043e\u0432\u043e\u0447\u043d\u0430\u044f \u0442\u043e\u0440\u043c\u043e\u0437\u043d\u0430\u044f \u0441\u0438\u0441\u0442\u0435\u043c\u0430 (ABS);<\/li>\n<li>Asistent la fr\u00eenare;<\/li>\n<li>\u0414\u0438\u043d\u0430\u043c\u0438\u0447\u0435\u0441\u043a\u0438\u0439 \u043a\u043e\u043d\u0442\u0440\u043e\u043b\u044c \u0443\u0441\u0442\u043e\u0439\u0447\u0438\u0432\u043e\u0441\u0442\u0438 (DSC);<\/li>\n<li>Claxon dublu ton;<\/li>\n<li>\u041a\u043e\u043d\u0442\u0440\u043e\u043b\u044c \u0434\u0430\u0432\u043b\u0435\u043d\u0438\u044f \u0432 \u0448\u0438\u043d\u0430\u0445;<\/li>\n<li>Sistemul de protec\u021bie;<\/li>\n<li>Protec\u0163ie pasiv\u0103 pentru pietoni;<\/li>\n<li>\u0414\u0430\u0442\u0447\u0438\u043a \u0443\u0434\u0430\u0440\u0430;<\/li>\n<li>Clapeta clemei bateriei de siguran\u0163\u0103;<\/li>\n<li>Articole exterioare;<\/li>\n<li>Ornamente cromate;<\/li>\n<li>17&#8243; Jante din aliaj u\u015for;<\/li>\n<li>\u041e\u0441\u0432\u0435\u0449\u0435\u043d\u0438\u0435 \u0441\u0430\u043b\u043e\u043d\u0430;<\/li>\n<li>Stopuri dinamice;<\/li>\n<li>Stopuri LED (incluz\u00e2nd al treilea stop);<\/li>\n<li>Pachet oglinzi exterioare cu con\u0163inut extins;<\/li>\n<li>Lumini LED pentru cea\u0163\u0103;<\/li>\n<li>Lumini de \u00eent\u00e2mpinare;<\/li>\n<li>\u0424\u0443\u043d\u043a\u0446\u0438\u044f \u00ab\u0421\u043b\u0435\u0434\u0443\u0439 \u0437\u0430 \u043c\u043d\u043e\u0439 \u0434\u043e\u043c\u043e\u0439\u00bb;<\/li>\n<li>Lumina invers\u0103;<\/li>\n<li>Duze de sp\u0103lare parbriz \u00eenc\u0103lzite;<\/li>\n<li>Senzor ploaie \u015fi senzor de lumini;<\/li>\n<li>Oglind\u0103 interioar\u0103 retrovizoare cu func\u0163ie automat\u0103 antiorbire;<\/li>\n<li>Senzor de ulei pentru nivel \u015fi temperatur\u0103;<\/li>\n<li>Buton Start\/Stop motor;<\/li>\n<li>Imobilizator electronic;<\/li>\n<li>\u0418\u043d\u0434\u0438\u043a\u0430\u0442\u043e\u0440 \u0438\u0437\u043d\u043e\u0441\u0430 \u0442\u043e\u0440\u043c\u043e\u0437\u043d\u044b\u0445 \u043a\u043e\u043b\u043e\u0434\u043e\u043a;<\/li>\n<li>\u0410\u0432\u0442\u043e\u043f\u0438\u043b\u043e\u0442;<\/li>\n<li>\u041e\u0433\u0440\u0430\u043d\u0438\u0447\u0438\u0442\u0435\u043b\u044c \u0441\u043a\u043e\u0440\u043e\u0441\u0442\u0438;<\/li>\n<li>Sistem de asisten\u0163\u0103 la parcare (PDC), fa\u0163\u0103 \u015fi spate;<\/li>\n<li>\u0421\u043f\u043e\u0440\u0442\u0438\u0432\u043d\u044b\u0439 \u0440\u0443\u043b\u044c \u043e\u0431\u0442\u044f\u043d\u0443\u0442\u044b\u0439 \u043a\u043e\u0436\u0435\u0439;<\/li>\n<li>\u0410\u0432\u0442\u043e\u043c\u0430\u0442\u0438\u0447\u0435\u0441\u043a\u0438\u0439 \u043a\u043e\u043d\u0434\u0438\u0446\u0438\u043e\u043d\u0435\u0440;<\/li>\n<li>Prize 12V;<\/li>\n<li>\u042d\u043b\u0435\u043a\u0442\u0440\u0438\u0447\u0435\u0441\u043a\u0438\u0435 \u0441\u0442\u0435\u043a\u043b\u043e\u043f\u043e\u0434\u044a\u0435\u043c\u043d\u0438\u043a\u0438;<\/li>\n<li>Computer de bord;<\/li>\n<li>BMW Live Cockpit Plus;<\/li>\n<li>Sistem de sunet stereo (6 difuzoare);<\/li>\n<li>\u0410\u043d\u0433\u043b\u0438\u0439\u0441\u043a\u0430\u044f \u0432\u0435\u0440\u0441\u0438\u044f.<\/li>\n<\/ul>","protected":false},"excerpt":{"rendered":"<ul>\n<li>\u041a\u043e\u043d\u0442\u0440\u043e\u043b\u044c \u0434\u0430\u0432\u043b\u0435\u043d\u0438\u044f \u0432 \u0448\u0438\u043d\u0430\u0445;<\/li>\n<li>\u041a\u043e\u043c\u043f\u043b\u0435\u043a\u0442 \u0434\u043b\u044f \u0440\u0435\u043c\u043e\u043d\u0442\u0430 \u0448\u0438\u043d;<\/li>\n<li>Triunghi reflectorizant si trusa de prim ajutor;<\/li>\n<li>Culoare Oxide Grey metallic;<\/li>\n<li>Pachetul M Sport Pro;<\/li>\n<li>Pachet echipament;<\/li>\n<li>\u041c \u0421\u043f\u043e\u0440\u0442 \u043f\u0430\u043a\u0435\u0442;<\/li>\n<li>\u041f\u0440\u043e\u0442\u0438\u0432\u043e\u0443\u0433\u043e\u043d\u043d\u044b\u0435 \u0437\u0430\u043c\u043a\u0438;<\/li>\n<li>\u041b\u0435\u0433\u043a\u043e\u0441\u043f\u043b\u0430\u0432\u043d\u044b\u0435 \u0434\u0438\u0441\u043a\u0438 \u041c 20\u2033;<\/li>\n<li>Accent M argintiu \u00eenchis combinat cu fibr\u0103 de carbon \u0219i fire argintii lucioase;<\/li>\n<li>CraftedClarity \u0443\u043a\u0440\u0430\u0448\u0435\u043d\u0438\u044f \u0434\u043b\u044f \u044d\u043b\u0435\u043c\u0435\u043d\u0442\u043e\u0432 \u0438\u043d\u0442\u0435\u0440\u044c\u0435\u0440\u0430;<\/li>\n<li>Iluminarea ambiental\u0103;<\/li>\n<li>\u0410\u0434\u0430\u043f\u0442\u0438\u0432\u043d\u044b\u0435 \u0441\u0432\u0435\u0442\u043e\u0434\u0438\u043e\u0434\u043d\u044b\u0435 \u0444\u0430\u0440\u044b;<\/li>\n<li>Pornirea motorului de la distan\u021b\u0103;<\/li>\n<li>\u041f\u043e\u043c\u043e\u0449\u043d\u0438\u043a \u043f\u043e \u0432\u043e\u0436\u0434\u0435\u043d\u0438\u044e;<\/li>\n<li>\u0412\u0435\u043d\u0442\u0438\u043b\u0438\u0440\u0443\u0435\u043c\u044b\u0435 \u043f\u0435\u0440\u0435\u0434\u043d\u0438\u0435 \u0441\u0438\u0434\u0435\u043d\u044c\u044f;<\/li>\n<li>Scaune fa\u0163\u0103 reglabile electric cu memorie;<\/li>\n<li>Suport lombar;<\/li>\n<li>\u041f\u043e\u0434\u043e\u0433\u0440\u0435\u0432 \u043f\u0435\u0440\u0435\u0434\u043d\u0438\u0445 \u0438 \u0437\u0430\u0434\u043d\u0438\u0445 \u0441\u0438\u0434\u0435\u043d\u0438\u0439;<\/li>\n<li>Incalzire volan;<\/li>\n<li>\u041f\u0430\u043d\u043e\u0440\u0430\u043c\u043d\u0430\u044f \u0441\u0442\u0435\u043a\u043b\u044f\u043d\u043d\u0430\u044f \u043a\u0440\u044b\u0448\u0430;<\/li>\n<li>\u0417\u0430\u0434\u043d\u0438\u0435 \u0437\u0430\u0442\u0435\u043c\u043d\u0435\u043d\u043d\u044b\u0435 \u043e\u043a\u043d\u0430;<\/li>\n<li>Sistem de acces Confort;<\/li>\n<li>C\u00e2rlig de tractare cu cap sferic, ac\u0163ionat electric;<\/li>\n<li>\u0421\u0438\u0441\u0442\u0435\u043c\u0430 \u041f\u0443\u0442\u0435\u0448\u0435\u0441\u0442\u0432\u0438\u0439 \u0438 \u041a\u043e\u043c\u0444\u043e\u0440\u0442\u0430;<\/li>\n<li>\u0411\u0435\u0441\u043f\u0440\u043e\u0432\u043e\u0434\u043d\u0430\u044f \u0437\u0430\u0440\u044f\u0434\u043a\u0430;<\/li>\n<li>Sistem de sunet surround Bowers &amp; Wilkins Diamond;<\/li>\n<li>\u0420\u0430\u0441\u0448\u0438\u0440\u0435\u043d\u043d\u0430\u044f \u0441\u0438\u0441\u0442\u0435\u043c\u0430 \u043f\u043e\u0434\u043a\u043b\u044e\u0447\u0435\u043d\u0438\u044f \u0421\u043c\u0430\u0440\u0442\u0444\u043e\u043d\u0430;<\/li>\n<\/ul>","protected":false},"featured_media":5651,"comment_status":"open","ping_status":"closed","template":"","meta":{"_acf_changed":false},"product_cat":[19],"product_tag":[],"class_list":["post-5650","product","type-product","status-publish","has-post-thumbnail","hentry","product_cat-automobile-noi"],"acf":[],"_links":{"self":[{"href":"https:\/\/autospace.md\/ru\/wp-json\/wp\/v2\/product\/5650","targetHints":{"allow":["GET"]}}],"collection":[{"href":"https:\/\/autospace.md\/ru\/wp-json\/wp\/v2\/product"}],"about":[{"href":"https:\/\/autospace.md\/ru\/wp-json\/wp\/v2\/types\/product"}],"replies":[{"embeddable":true,"href":"https:\/\/autospace.md\/ru\/wp-json\/wp\/v2\/comments?post=5650"}],"version-history":[{"count":4,"href":"https:\/\/autospace.md\/ru\/wp-json\/wp\/v2\/product\/5650\/revisions"}],"predecessor-version":[{"id":7078,"href":"https:\/\/autospace.md\/ru\/wp-json\/wp\/v2\/product\/5650\/revisions\/7078"}],"wp:featuredmedia":[{"embeddable":true,"href":"https:\/\/autospace.md\/ru\/wp-json\/wp\/v2\/media\/5651"}],"wp:attachment":[{"href":"https:\/\/autospace.md\/ru\/wp-json\/wp\/v2\/media?parent=5650"}],"wp:term":[{"taxonomy":"product_cat","embeddable":true,"href":"https:\/\/autospace.md\/ru\/wp-json\/wp\/v2\/product_cat?post=5650"},{"taxonomy":"product_tag","embeddable":true,"href":"https:\/\/autospace.md\/ru\/wp-json\/wp\/v2\/product_tag?post=5650"}],"curies":[{"name":"wp","href":"https:\/\/api.w.org\/{rel}","templated":true}]}}