{"id":5952,"date":"2025-04-30T10:17:25","date_gmt":"2025-04-30T08:17:25","guid":{"rendered":"https:\/\/autospace.md\/?post_type=product&#038;p=5952"},"modified":"2025-11-11T11:18:17","modified_gmt":"2025-11-11T09:18:17","slug":"bmw-x7-xdrive-40i","status":"publish","type":"product","link":"https:\/\/autospace.md\/ru\/product\/bmw-x7-xdrive-40i\/","title":{"rendered":"BMW X7 xDrive 40i"},"content":{"rendered":"<ul>\n<li>Airbag pentru \u0219ofer si pasagerul din fa\u021b\u0103;<\/li>\n<li>\u041e\u0441\u043d\u043e\u0432\u043d\u0430\u044f \u043f\u043e\u0434\u0443\u0448\u043a\u0430 \u0431\u0435\u0437\u043e\u043f\u0430\u0441\u043d\u043e\u0441\u0442\u0438 \u0434\u043b\u044f 1-\u0433\u043e \u0438 2-\u0433\u043e \u0440\u044f\u0434\u0430 \u0441\u0438\u0434\u0435\u043d\u0438\u0439;<\/li>\n<li>Airbaguri laterale pentru \u0219ofer \u0219i pasager;<\/li>\n<li>Centur\u0103 de siguran\u021b\u0103 cu trei puncte;<\/li>\n<li>\u0410\u043d\u0442\u0438\u0431\u043b\u043e\u043a\u0438\u0440\u043e\u0432\u043e\u0447\u043d\u0430\u044f \u0442\u043e\u0440\u043c\u043e\u0437\u043d\u0430\u044f \u0441\u0438\u0441\u0442\u0435\u043c\u0430 (ABS);<\/li>\n<li>\u0414\u0438\u043d\u0430\u043c\u0438\u0447\u0435\u0441\u043a\u0438\u0435 \u0441\u0442\u043e\u043f-\u0441\u0438\u0433\u043d\u0430\u043b\u044b;<\/li>\n<li>Controlul dinamic al stabilit\u0103\u021bii(DSC) cu con\u021binut extins;<\/li>\n<li>Controlul dinamic al trac\u021biunii (DTC);<\/li>\n<li>Jante din aliaj u\u015for\u00a0 20&#8221; V-spoke stil 750;<\/li>\n<li>Piele Sintetic\u0103 Sensafin;<\/li>\n<li>Ornamente din lemn Fineline Stripe maro lucios;<\/li>\n<li>\u041e\u043a\u0440\u0443\u0436\u0430\u044e\u0449\u0435\u0435 \u043e\u0441\u0432\u0435\u0449\u0435\u043d\u0438\u0435;<\/li>\n<li>\u0410\u0434\u0430\u043f\u0442\u0438\u0432\u043d\u044b\u0435 \u0441\u0432\u0435\u0442\u043e\u0434\u0438\u043e\u0434\u043d\u044b\u0435 \u0444\u0430\u0440\u044b;<\/li>\n<li>Faruri de cea\u021b\u0103 LED;<\/li>\n<li>\u0421\u0432\u0435\u0442\u043e\u0434\u0438\u043e\u0434\u043d\u044b\u0435 \u0437\u0430\u0434\u043d\u0438\u0435 \u0444\u043e\u043d\u0430\u0440\u0438;<\/li>\n<li>\u0414\u0430\u0442\u0447\u0438\u043a \u0434\u043e\u0436\u0434\u044f \u0438 \u0430\u0432\u0442\u043e\u043c\u0430\u0442\u0438\u0447\u0435\u0441\u043a\u043e\u0435 \u0443\u043f\u0440\u0430\u0432\u043b\u0435\u043d\u0438\u0435 \u043e\u0441\u0432\u0435\u0449\u0435\u043d\u0438\u0435\u043c;<\/li>\n<li>Oglinzi exterioare cu func\u021bie automat\u0103 antiorbire;<\/li>\n<li>\u041a\u043d\u043e\u043f\u043a\u0430 \u0421\u0442\u0430\u0440\u0442\/\u0421\u0442\u043e\u043f;<\/li>\n<li>\u0420\u0435\u043a\u0443\u043f\u0435\u0440\u0430\u0446\u0438\u044f \u044d\u043d\u0435\u0440\u0433\u0438\u0438 \u043f\u0440\u0438 \u0442\u043e\u0440\u043c\u043e\u0436\u0435\u043d\u0438\u0438;<\/li>\n<li>\u041a\u043e\u0440\u043e\u0431\u043a\u0430 \u043f\u0435\u0440\u0435\u0434\u0430\u0447 \u0421\u0442\u0435\u043f\u0442\u0440\u043e\u043d\u0438\u043a;<\/li>\n<li>\u0421\u0435\u0440\u0432\u043e\u0442\u0440\u043e\u043d\u0438\u043a;<\/li>\n<li>Indicator de uzur\u0103 a pl\u0103cu\u021bei de fr\u00e2n\u0103;<\/li>\n<li>\u042d\u043b\u0435\u043a\u0442\u0440\u043e\u043c\u0435\u0445\u0430\u043d\u0438\u0447\u0435\u0441\u043a\u0438\u0439 \u0441\u0442\u043e\u044f\u043d\u043e\u0447\u043d\u044b\u0439 \u0442\u043e\u0440\u043c\u043e\u0437;<\/li>\n<li>xDrive;<\/li>\n<li>Cruise control cu func\u021bie de fr\u00e2nare;<\/li>\n<li>Senzori de parcare fa\u021b\u0103-spate;<\/li>\n<li>Scaune confort pentru \u015fofer si pasagerul fa\u021b\u0103;<\/li>\n<li>\u041f\u043e\u0434\u043b\u043e\u043a\u043e\u0442\u043d\u0438\u043a;<\/li>\n<li>\u0421\u043f\u043e\u0440\u0442\u0438\u0432\u043d\u044b\u0439 \u0440\u0443\u043b\u044c \u043e\u0431\u0442\u044f\u043d\u0443\u0442\u044b\u0439 \u043a\u043e\u0436\u0435\u0439;<\/li>\n<li>\u042d\u043b\u0435\u043a\u0442\u0440\u0438\u0447\u0435\u0441\u043a\u0430\u044f \u0440\u0435\u0433\u0443\u043b\u0438\u0440\u043e\u0432\u043a\u0430 \u043d\u0430\u043f\u0440\u0430\u0432\u043b\u044f\u044e\u0449\u0435\u0439 \u043a\u043e\u043b\u043e\u043d\u043a\u0438;<\/li>\n<li>Protec\u021bie termic\u0103 \u015fi solar\u0103 pentru geamuri;<\/li>\n<li>Aer Condi\u021bionat automat controlat pe 4 zone;<\/li>\n<li>\u041c\u0438\u043a\u0440\u043e\u0444\u0438\u043b\u044c\u0442\u0440 \u0441 \u0444\u0438\u043b\u044c\u0442\u0440\u043e\u043c \u0438\u0437 \u0430\u043a\u0442\u0438\u0432\u0438\u0440\u043e\u0432\u0430\u043d\u043d\u043e\u0433\u043e \u0443\u0433\u043b\u044f;<\/li>\n<li>Op\u021biuni de depozitare;<\/li>\n<li>Hands-free cu interfa\u021b\u0103 USB;<\/li>\n<li>\u0420\u044b\u0447\u0430\u0433 \u0443\u043f\u0440\u0430\u0432\u043b\u0435\u043d\u0438\u044f iDrive;<\/li>\n<li>BMW Live Cockpit Plus;<\/li>\n<li>Sistem Difuzoare HiFi;<\/li>\n<li>\u0420\u0443\u0441\u0441\u043a\u043e\u044f\u0437\u044b\u0447\u043d\u0430\u044f \u0432\u0435\u0440\u0441\u0438\u044f.<\/li>\n<\/ul>","protected":false},"excerpt":{"rendered":"<ul>\n<li>Sistem de monitorizare a presiunii \u00een anvelope<\/li>\n<li>Triunghi reflectorizant si trusa de prim ajutor<\/li>\n<li>Praguri din aluminiu<\/li>\n<li>Grila frontal\u0103 BMW &#8220;Iconic Glow&#8221;<\/li>\n<li>Mineral White metallic<\/li>\n<li>Pachet Confort<\/li>\n<li>Pachetul M Sport Pro<\/li>\n<li>Pachetul M Sport<\/li>\n<li>Jante BMW Individual din aliaj u\u0219or de 23&#8243;; cu spi\u021be \u00een V, stil 914 I bicolor, cu anvelope mixte \u0219i anvelope sport<\/li>\n<li>\u0218uruburi de blocare a ro\u021bilor<\/li>\n<li>Ornamente BMW Individual negru piano<\/li>\n<li>Covora\u0219e din velur<\/li>\n<li>Ornamente &#8216;CraftedClarity&#8217; pentru elemente interior<\/li>\n<li>Panoul de bord BMW Individual finisat \u00een piele<\/li>\n<li>Tapi\u021berie din piele extins\u0103 BMW Individual &#8216;Merino&#8217; | Coffee<\/li>\n<li>Faruri din cristal BMW Iconic Glow<\/li>\n<li>Pachet xOffroad<\/li>\n<li>Parking Assistant Plus<\/li>\n<li>Scaune fa\u0163\u0103 ventilate<\/li>\n<li>Trap\u0103 panoramic\u0103 Sky Lounge<\/li>\n<li>Jaluz\u0103 cu role, geamuri laterale spate<\/li>\n<li>Aer condi\u0163ionat automat, controlat pe 5 zone<\/li>\n<li>Sistem de \u00eenc\u0103lzire auxiliar<\/li>\n<li>Func\u0163ie soft-close pentru portiere<\/li>\n<li>Plas\u0103 de separare \u00een portbagaj<\/li>\n<li>Travel &amp; Comfort System<\/li>\n<li>BMW Live Cockpit Professional<\/li>\n<li>BMW Gesture Control<\/li>\n<li>Bowers &amp; Wilkins Diamond surround sound system<\/li>\n<li>Smartphone Integration<\/li>\n<li>Versiune \u00een limba rus\u0103<\/li>\n<\/ul>","protected":false},"featured_media":5953,"comment_status":"open","ping_status":"closed","template":"","meta":{"_acf_changed":false},"product_cat":[19],"product_tag":[],"class_list":["post-5952","product","type-product","status-publish","has-post-thumbnail","hentry","product_cat-automobile-noi"],"acf":[],"_links":{"self":[{"href":"https:\/\/autospace.md\/ru\/wp-json\/wp\/v2\/product\/5952","targetHints":{"allow":["GET"]}}],"collection":[{"href":"https:\/\/autospace.md\/ru\/wp-json\/wp\/v2\/product"}],"about":[{"href":"https:\/\/autospace.md\/ru\/wp-json\/wp\/v2\/types\/product"}],"replies":[{"embeddable":true,"href":"https:\/\/autospace.md\/ru\/wp-json\/wp\/v2\/comments?post=5952"}],"version-history":[{"count":6,"href":"https:\/\/autospace.md\/ru\/wp-json\/wp\/v2\/product\/5952\/revisions"}],"predecessor-version":[{"id":7086,"href":"https:\/\/autospace.md\/ru\/wp-json\/wp\/v2\/product\/5952\/revisions\/7086"}],"wp:featuredmedia":[{"embeddable":true,"href":"https:\/\/autospace.md\/ru\/wp-json\/wp\/v2\/media\/5953"}],"wp:attachment":[{"href":"https:\/\/autospace.md\/ru\/wp-json\/wp\/v2\/media?parent=5952"}],"wp:term":[{"taxonomy":"product_cat","embeddable":true,"href":"https:\/\/autospace.md\/ru\/wp-json\/wp\/v2\/product_cat?post=5952"},{"taxonomy":"product_tag","embeddable":true,"href":"https:\/\/autospace.md\/ru\/wp-json\/wp\/v2\/product_tag?post=5952"}],"curies":[{"name":"wp","href":"https:\/\/api.w.org\/{rel}","templated":true}]}}