{"id":6071,"date":"2025-06-06T09:36:45","date_gmt":"2025-06-06T07:36:45","guid":{"rendered":"https:\/\/autospace.md\/?post_type=product&#038;p=6071"},"modified":"2025-06-06T12:33:07","modified_gmt":"2025-06-06T10:33:07","slug":"mitsubishi-eclipse-cross-15-cvt-instyle","status":"publish","type":"product","link":"https:\/\/autospace.md\/ru\/product\/mitsubishi-eclipse-cross-15-cvt-instyle\/","title":{"rendered":"Mitsubishi Eclipse Cross 1,5 CVT Instyle"},"content":{"rendered":"<ul>\n<li>\u0414\u044b\u043c\u043e\u0432\u044b\u0435 \u043e\u043a\u043d\u0430;<\/li>\n<li>Lampa stop spate tip LED montat\u0103 pe spoiler<\/li>\n<li>Oglinzi laterale exterioare \u00eenc\u0103lzite, reglabile<\/li>\n<li>Ap\u0103r\u0103toare de noroi spate<\/li>\n<li>Sistem de autoaprindere a farurilor \u0219i senzor de ploaie<\/li>\n<li>Cruise control cu limitator de vitez\u0103 cu comenzi pe volan<\/li>\n<li>Sistem de monitorizare a presiunii \u00een ro\u021bi<\/li>\n<li>Active Yaw Control Brake (AYC Brake)<\/li>\n<li>ASC+TCL+HAS<\/li>\n<li>Sistem de control activ al stabilit\u0103\u021bii \u0219i tractiunii;<\/li>\n<li>Hill Start Assist System (asistenta la pornirea \u00een ramp\u0103)<\/li>\n<li>Brake Assist (BA)<\/li>\n<li>Airbag-uri frontale \u0219ofer \u0219i pasager,<\/li>\n<li>Airbag-uri frontale \u0219ofer \u0219i pasager, cu decuplare airbag pasager; Airbag genunchi \u0219ofer<\/li>\n<li>Sistem de mitigare \u00een cazul acceler\u0103rilor accidentale (UMS)<\/li>\n<li>Senzori de parcare\u00a0fa\u021b\u0103 \u0219i spate<\/li>\n<li>Lumini de zi cu tehnologie LED (Daytime Running Lights)<\/li>\n<li>Scaune fa\u021b\u0103 \u00eenc\u0103lzite<\/li>\n<li>Bancheta spate cu sp\u0103tar rabatabil cu op\u021biune de pliere asimetric\u0103 60:40<\/li>\n<li>Functii hands free, audio \u0219i control vocal cu comenzi pe volan<\/li>\n<li>ISO-FIX pentru scaune copii (x2) montate la banchet\u0103 spate<\/li>\n<li>Sistem de operare inteligent f\u0103r\u0103 cheie<\/li>\n<li>Geamuri fa\u021b\u0103\/spate ac\u021bionate electric<\/li>\n<li>Jante de aliaj de 18&#8243; tip Sportiv, cu pneuri de 225\/55R18<\/li>\n<li>Volan reglabil pe \u00een\u0103l\u021bime \u0219i ad\u00e2ncime, \u00eembr\u0103cat \u00een piele, prev\u0103zut cu padele pentru modificarea vitezei<\/li>\n<li>Bandouri laterale \u00een culoarea caroseriei; ornamente bara fa\u021b\u0103 \u0219i spate \u00een culoarea caroseriei<\/li>\n<li>\u0218ine longitudinale<\/li>\n<li>Lamp\u0103 cea\u021b\u0103 fa\u021b\u0103 tip LED<\/li>\n<li>Faruri de tip LED cu reglare manual\u0103,<\/li>\n<li>Sp\u0103l\u0103toare faruri sub presiune<\/li>\n<li>Camer\u0103 \u00een spate<\/li>\n<li>\u0420\u0443\u043b\u0435\u0432\u043e\u0435 \u043a\u043e\u043b\u0435\u0441\u043e \u043e\u0431\u0442\u044f\u043d\u0443\u0442\u043e \u043a\u043e\u0436\u0435\u0439;<\/li>\n<li>Cotier\u0103 cu suport pahare pentru locurile din spate<\/li>\n<li>M\u00e2nere portiere interior cromate<\/li>\n<li>Scaune spate \u00eenc\u0103lzite<\/li>\n<li>Tapi\u021berie din piele sintetic\u0103 cu cus\u0103turi material textil<\/li>\n<li>U\u0219i fa\u021b\u0103 \u0219i spate cu inser\u021bii din piele sintetic\u0103<\/li>\n<li>Aer condi\u021bionat dual-zone<\/li>\n<li>Audio Nakamichi, cu display de 9&#8243;, 6 difuzoare \u0219i port USB<\/li>\n<li>Sistem de operare inteligent f\u0103r\u0103 cheie<\/li>\n<li>Buton pornire automobil<\/li>\n<li>Volan cu func\u021bie de \u00eenc\u0103lzire<\/li>\n<li>Fr\u00e2n\u0103 de m\u00e2n\u0103 cu func\u021bie de Brake Auto Hold<\/li>\n<li>Plafon interior negru<\/li>\n<li>Sistem inteligent Super All Wheel Control (S-AWC)<\/li>\n<li>Trap\u0103 plafon panoramic actionata electric<\/li>\n<li>Scaune \u0219ofer \u0219i pasager actionate electric<\/li>\n<li>Oglind\u0103 retrovizoare cu func\u021bie automat\u0103 anti orbire<\/li>\n<li>Display cu proiec\u021bie<\/li>\n<li>5-a u\u0219\u0103 electric\u0103<\/li>\n<li>\u0411\u0435\u0437\u043e\u043f\u0430\u0441\u043d\u043e\u0441\u0442\u044c<\/li>\n<li>Sistem de asisten\u021b\u0103 la fr\u00e2nare pentru evitarea coliziunilor (FCM)<\/li>\n<li>Sistem de comutare automat pentru faza lung\u0103 (AHB)<\/li>\n<li>Sistem de avertizare la p\u0103r\u0103sirea involuntar\u0103 a benzii de rulare (LDW)<\/li>\n<li>Cruise control adaptiv (ACC) cu buton de comand\u0103 pe volan<\/li>\n<li>Sistem de avertizare unghi mort cu asisten\u021b\u0103 la schimbarea benzii de rulare (BSW)<\/li>\n<li>Sistem de Avertizare la ie\u0219irea cu spatele din parcare RCTA<\/li>\n<\/ul>","protected":false},"excerpt":{"rendered":"<ul>\n<li>Airbag-uri frontale sofer si pasager, Airbag genunchi sofer<\/li>\n<li>Airbag-uri laterale sofer si pasager si airbag-uri de tip Cortina<\/li>\n<li>ABS (Anti-lock Braking System)+EBD (Electronic Brake-force Distribution)+BA (Brake Assist)<\/li>\n<li>ASC+TCL (Sistem de control activ al stabilitatii si tractiunii)<\/li>\n<li>Sistem de monitorizare a presiunii in roti (TPMS)<\/li>\n<li>\u0421\u0438\u0441\u0442\u0435\u043c\u0430 Super All Wheel Coontrol (S-AWC);<\/li>\n<li>\u0422\u043e\u0440\u043c\u043e\u0437\u043d\u0430\u044f \u0441\u0438\u0441\u0442\u0435\u043c\u0430 \u0441 \u0430\u043a\u0442\u0438\u0432\u043d\u044b\u043c \u043a\u043e\u043d\u0442\u0440\u043e\u043b\u0435\u043c \u0440\u044b\u0441\u043a\u0430\u043d\u0438\u044f (AYC Brake);<\/li>\n<li>Volan reglabil pe inaltime si adancime, imbracat in piele, prevazut cu padele<\/li>\n<li>Volan cu functie de incalzire<\/li>\n<li>Parbriz incalzit<\/li>\n<li>Geamuri fata\/spate actionate electric<\/li>\n<li>Scaune fata si spate incalzite<\/li>\n<li>Bancheta spate cu spatar rabatabil cu optiune de pliere asimetrica 60\/40<\/li>\n<li>Cotier\u0103 cu suport pahare spate<\/li>\n<li>Rulou interior portbagaj<\/li>\n<li>\u0417\u0430\u0434\u043d\u0438\u0439 \u0441\u043f\u043e\u0439\u043b\u0435\u0440;<\/li>\n<li>Sistem de autoaprindere a farurilor si senzor de ploaie<\/li>\n<li>LED Daylight<\/li>\n<li>Aer conditionat doi-zone<\/li>\n<li>Smartphone Link Display Audio, cu display de 9&#8243;, Apple CarPlay, Google Android Auto<\/li>\n<li>Camera pentru marsarier<\/li>\n<li>Functii hands free Bluetooth, audio cu comenzi pe volan<\/li>\n<li>Cruise control cu comenzi pe volan<\/li>\n<li>Geamuri fumurii (laterale spate si luneta)<\/li>\n<li>Pachet exterior negru: gril\u0103 radiator, oglinzi, ornamente bar\u0103 fa\u021b\u0103 \u0219i spate<\/li>\n<li>Tavan de culoare \u00eenchis\u0103<\/li>\n<li>Jante de aliaj de 18&#8243;, negre, cu pneuri de 225\/55R18<\/li>\n<li>Sistem de mitigare in cazul accelerarilor accidentale (UMS)<\/li>\n<li>Sistem de asistenta la franare pentru evitarea coliziunilor (FCM)<\/li>\n<li>Sistem de avertizare la parasirea involuntara a benzii de rulare (LDW)<\/li>\n<li>Asistenta la schimbarea benzii de rulare (LCA)<\/li>\n<li>Avertizare unghi mort (BSW)<\/li>\n<li>Avertizarea la iesirea cu spatele din parcare (RCTA)<\/li>\n<li>Senzori de parcare fata si spate<\/li>\n<li>Tapiterie din piele sintetica cu inserti de tesatura, scaun sofer actionat electric<\/li>\n<li>Sistem de operare inteligent fara cheie (KOS)<\/li>\n<li>Frana de parcare actionata electric si functie de Brake Auto Hold<\/li>\n<li>Oglinzi laterale exterioare incalzite, reglabile si rabatabile electric si cu semnalizatoare integrate<\/li>\n<li>\u0218ine longitudinale<\/li>\n<li>Faruri de tip LED cu reglare manuala<\/li>\n<li>Proiectoare ceata fata de tip LED<\/li>\n<li>Sistem cu faz\u0103 lung\u0103 automat- Automatic High Beam (AHB)<\/li>\n<\/ul>","protected":false},"featured_media":6072,"comment_status":"open","ping_status":"closed","template":"","meta":{"_acf_changed":false},"product_cat":[19],"product_tag":[],"class_list":["post-6071","product","type-product","status-publish","has-post-thumbnail","hentry","product_cat-automobile-noi"],"acf":[],"_links":{"self":[{"href":"https:\/\/autospace.md\/ru\/wp-json\/wp\/v2\/product\/6071","targetHints":{"allow":["GET"]}}],"collection":[{"href":"https:\/\/autospace.md\/ru\/wp-json\/wp\/v2\/product"}],"about":[{"href":"https:\/\/autospace.md\/ru\/wp-json\/wp\/v2\/types\/product"}],"replies":[{"embeddable":true,"href":"https:\/\/autospace.md\/ru\/wp-json\/wp\/v2\/comments?post=6071"}],"version-history":[{"count":2,"href":"https:\/\/autospace.md\/ru\/wp-json\/wp\/v2\/product\/6071\/revisions"}],"predecessor-version":[{"id":6080,"href":"https:\/\/autospace.md\/ru\/wp-json\/wp\/v2\/product\/6071\/revisions\/6080"}],"wp:featuredmedia":[{"embeddable":true,"href":"https:\/\/autospace.md\/ru\/wp-json\/wp\/v2\/media\/6072"}],"wp:attachment":[{"href":"https:\/\/autospace.md\/ru\/wp-json\/wp\/v2\/media?parent=6071"}],"wp:term":[{"taxonomy":"product_cat","embeddable":true,"href":"https:\/\/autospace.md\/ru\/wp-json\/wp\/v2\/product_cat?post=6071"},{"taxonomy":"product_tag","embeddable":true,"href":"https:\/\/autospace.md\/ru\/wp-json\/wp\/v2\/product_tag?post=6071"}],"curies":[{"name":"wp","href":"https:\/\/api.w.org\/{rel}","templated":true}]}}