{"id":6394,"date":"2025-07-14T10:00:10","date_gmt":"2025-07-14T08:00:10","guid":{"rendered":"https:\/\/autospace.md\/?post_type=product&#038;p=6394"},"modified":"2025-08-06T14:24:24","modified_gmt":"2025-08-06T12:24:24","slug":"mitsubishi-pajero-sport-30-v6-at-ultimate-sam-2","status":"publish","type":"product","link":"https:\/\/autospace.md\/ru\/product\/mitsubishi-pajero-sport-30-v6-at-ultimate-sam-2\/","title":{"rendered":"Mitsubishi Pajero Sport 3,0 V6 AT Ultimate SAM"},"content":{"rendered":"<p>Black Edition (Jante, Acoperi\u0219, Grila Frontala, Oglinzi exterioare si Manere)<\/p>\n<p>\u2219 Transmisie automat\u0103 cu 8 trepte<\/p>\n<p>\u2219 ABS &#8211; Anti-lock Braking System<\/p>\n<p>\u2219 EBD &#8211; Electronic Brake-force Distribution<\/p>\n<p>\u2219 BA &#8211; Brake Assist<\/p>\n<p>\u2219 ASC &#8211; Active stability control<\/p>\n<p>\u2219 HAS &#8211; Asisten\u021b\u0103 la urcare \u00een ramp\u0103<\/p>\n<p>\u2219 TCL &#8211; Traction control<\/p>\n<p>\u2219 Hill Start Assist System &#8211; Asisten\u0163\u0103 la pornirea \u00een ramp\u0103<\/p>\n<p>\u2219 Airbag-uri fa\u0163\u0103 pentru \u015fofer \u015fi pasager<\/p>\n<p>\u2219 Airbag-uri scaun fa\u0163\u0103 lateral \u015fi tip cortin\u0103<\/p>\n<p>\u2219 Airbag-uri pentru genunchi \u015fofer<\/p>\n<p>\u2219 Super Select 4WD<\/p>\n<p>\u2219 KOS &#8211; Sistem de operare fara cheie<\/p>\n<p>\u2219 Oglinzi exterioare incalzite, reglabile si rabatabile electric<\/p>\n<p>\u2219 Climat Control<\/p>\n<p>\u2219 Computer de bord cu display<\/p>\n<p>\u2219 Scaune fa\u021b\u0103 inc\u0103lzite<\/p>\n<p>\u2219 Camera mar\u015farier<\/p>\n<p>\u2219 Scaune spate, 60\/40<\/p>\n<p>\u2219 Geamuri fumurii<\/p>\n<p>\u2219 Cruise Control cu comenzi pe volan<\/p>\n<p>\u2219 HDC &#8211; Asisten\u021b\u0103 la cobor\u00e2rea pantelor<\/p>\n<p>\u2219 Brake Auto Hold &#8211; Frana de parcare ac\u021bionat\u0103 electric<\/p>\n<p>\u2219 Audio Nakamichi TOUCH-SCREEN, USB, RADIO AM\/FM<\/p>\n<p>\u2219 Priza 220v<\/p>\n<p>\u2219 Volan cu comenzi audio integrate<\/p>\n<p>\u2219 Sistem hands-free Bluetooth<\/p>\n<p>\u2219 Sensor de presiune \u00een anvelope<\/p>\n<p>\u2219 Sistem de r\u0103cire suplementar pentru al doilea r\u00e2nd de scaune cu unitate de comand\u0103<\/p>\n<p>\u2219 Plas\u0103 \u00een portbagaj<\/p>\n<p>\u2219 Tapi\u021berie piele combinat\u0103<\/p>\n<p>\u2219 Scaun sofer si pasager actionat electric<\/p>\n<p>\u2219 Oglinda retrovizoare cu functie automata anti orbire<\/p>\n<p>\u2219 Faruri cu tehnologie LED<\/p>\n<p>\u2219 Lumini de zi cu tehnologie LED<\/p>\n<p>\u2219 Senzori de parcare \u2013 fata si spate<\/p>\n<p>Sistem de asistenta la franare pentru evitarea coliziunilor (FCM)<\/p>\n<p>Cruise control adaptiv (ACC) cu buton de comanda pe volan<\/p>\n<p>Sistem de avertizare unghi mort cu asistenta la schimbarea benzii de rulare (BSW)<\/p>\n<p>Sistem de Avertizare la iesirea cu spatele din parcare (RCTA)<\/p>\n<p>Volan Incalzit<\/p>\n<p>Jante din aliaj u\u015for 18\u201d (Black)<\/p>\n<p>5-ea usa electrica<\/p>","protected":false},"excerpt":{"rendered":"<p>Black Edition (Jante, Acoperi\u0219, Grila Frontala, Oglinzi exterioare si Manere)<\/p>\n<p>\u2219 Transmisie automat\u0103 cu 8 trepte<\/p>\n<p>\u2219 ABS &#8211; Anti-lock Braking System<\/p>\n<p>\u2219 EBD &#8211; Electronic Brake-force Distribution<\/p>\n<p>\u2219 BA &#8211; Brake Assist<\/p>\n<p>\u2219 ASC &#8211; Active stability control<\/p>\n<p>\u2219 HAS &#8211; Asisten\u021b\u0103 la urcare \u00een ramp\u0103<\/p>\n<p>\u2219 TCL &#8211; Traction control<\/p>\n<p>\u2219 Hill Start Assist System &#8211; Asisten\u0163\u0103 la pornirea \u00een ramp\u0103<\/p>\n<p>\u2219 Airbag-uri fa\u0163\u0103 pentru \u015fofer \u015fi pasager<\/p>\n<p>\u2219 Airbag-uri scaun fa\u0163\u0103 lateral \u015fi tip cortin\u0103<\/p>\n<p>\u2219 Airbag-uri pentru genunchi \u015fofer<\/p>\n<p>\u2219 Super Select 4WD<\/p>\n<p>\u2219 KOS &#8211; Sistem de operare fara cheie<\/p>\n<p>\u2219 Oglinzi exterioare incalzite, reglabile si rabatabile electric<\/p>\n<p>\u2219 Climat Control<\/p>\n<p>\u2219 Computer de bord cu display<\/p>\n<p>\u2219 Scaune fa\u021b\u0103 inc\u0103lzite<\/p>\n<p>\u2219 Camera mar\u015farier<\/p>\n<p>\u2219 Scaune spate, 60\/40<\/p>\n<p>\u2219 Geamuri fumurii<\/p>\n<p>\u2219 Cruise Control cu comenzi pe volan<\/p>\n<p>\u2219 HDC &#8211; Asisten\u021b\u0103 la cobor\u00e2rea pantelor<\/p>\n<p>\u2219 Brake Auto Hold &#8211; Frana de parcare ac\u021bionat\u0103 electric<\/p>\n<p>\u2219 Audio Nakamichi TOUCH-SCREEN, USB, RADIO AM\/FM<\/p>\n<p>\u2219 Priza 220v<\/p>\n<p>\u2219 Volan cu comenzi audio integrate<\/p>\n<p>\u2219 Sistem hands-free Bluetooth<\/p>\n<p>\u2219 Sensor de presiune \u00een anvelope<\/p>\n<p>\u2219 Sistem de r\u0103cire suplementar pentru al doilea r\u00e2nd de scaune cu unitate de comand\u0103<\/p>\n<p>\u2219 Plas\u0103 \u00een portbagaj<\/p>\n<p>\u2219 Tapi\u021berie piele combinat\u0103<\/p>\n<p>\u2219 Scaun sofer si pasager actionat electric<\/p>\n<p>\u2219 Oglinda retrovizoare cu functie automata anti orbire<\/p>\n<p>\u2219 Faruri cu tehnologie LED<\/p>\n<p>\u2219 Lumini de zi cu tehnologie LED<\/p>\n<p>\u2219 Senzori de parcare \u2013 fata si spate<\/p>\n<p>Sistem de asistenta la franare pentru evitarea coliziunilor (FCM)<\/p>\n<p>Cruise control adaptiv (ACC) cu buton de comanda pe volan<\/p>\n<p>Sistem de avertizare unghi mort cu asistenta la schimbarea benzii de rulare (BSW)<\/p>\n<p>Sistem de Avertizare la iesirea cu spatele din parcare (RCTA)<\/p>\n<p>Volan Incalzit<\/p>\n<p>Jante din aliaj u\u015for 18\u201d (Black)<\/p>\n<p>5-ea usa electrica<\/p>","protected":false},"featured_media":6395,"comment_status":"open","ping_status":"closed","template":"","meta":{"_acf_changed":false},"product_cat":[19],"product_tag":[],"class_list":["post-6394","product","type-product","status-publish","has-post-thumbnail","hentry","product_cat-automobile-noi"],"acf":[],"_links":{"self":[{"href":"https:\/\/autospace.md\/ru\/wp-json\/wp\/v2\/product\/6394","targetHints":{"allow":["GET"]}}],"collection":[{"href":"https:\/\/autospace.md\/ru\/wp-json\/wp\/v2\/product"}],"about":[{"href":"https:\/\/autospace.md\/ru\/wp-json\/wp\/v2\/types\/product"}],"replies":[{"embeddable":true,"href":"https:\/\/autospace.md\/ru\/wp-json\/wp\/v2\/comments?post=6394"}],"version-history":[{"count":3,"href":"https:\/\/autospace.md\/ru\/wp-json\/wp\/v2\/product\/6394\/revisions"}],"predecessor-version":[{"id":6482,"href":"https:\/\/autospace.md\/ru\/wp-json\/wp\/v2\/product\/6394\/revisions\/6482"}],"wp:featuredmedia":[{"embeddable":true,"href":"https:\/\/autospace.md\/ru\/wp-json\/wp\/v2\/media\/6395"}],"wp:attachment":[{"href":"https:\/\/autospace.md\/ru\/wp-json\/wp\/v2\/media?parent=6394"}],"wp:term":[{"taxonomy":"product_cat","embeddable":true,"href":"https:\/\/autospace.md\/ru\/wp-json\/wp\/v2\/product_cat?post=6394"},{"taxonomy":"product_tag","embeddable":true,"href":"https:\/\/autospace.md\/ru\/wp-json\/wp\/v2\/product_tag?post=6394"}],"curies":[{"name":"wp","href":"https:\/\/api.w.org\/{rel}","templated":true}]}}