{"id":6397,"date":"2025-07-14T11:14:06","date_gmt":"2025-07-14T09:14:06","guid":{"rendered":"https:\/\/autospace.md\/?post_type=product&#038;p=6397"},"modified":"2025-12-17T09:44:09","modified_gmt":"2025-12-17T07:44:09","slug":"bmw-c-400-gt","status":"publish","type":"product","link":"https:\/\/autospace.md\/ru\/product\/bmw-c-400-gt\/","title":{"rendered":"BMW C 400 GT"},"content":{"rendered":"<ul>\n<li>Ecran TFT de 6,5&#8243; cu\u00a0BMW Motorrad\u00a0Connectivity<\/li>\n<li>BMW Motorrad\u00a0ABS Pro cu DBC (Control dinamic al fr\u00e2n\u0103rii), DTC (Control dinamic al trac\u021biunii) \u0219i MSR (controlul cuplului de fr\u00e2nare al motorului)<\/li>\n<li>Sistem de evacuare din o\u021bel inoxidabil<\/li>\n<li>Faruri LED cu lumini de zi pentru rulare<\/li>\n<li>Stop \u0219i semnalizatoare LED<\/li>\n<li>Keyless Ride<\/li>\n<li>Flexcase<\/li>\n<li>Cric central<\/li>\n<li>Port USB pentru \u00eenc\u0103rcare<\/li>\n<li>Ride by Wire<\/li>\n<li><strong>Echipamente op\u021bionale<\/strong><\/li>\n<li><strong>Pachet Comfort<\/strong>\u00a0(m\u00e2nere \u00eenc\u0103lzite \u0219i \u0219a \u00eenc\u0103lzit\u0103)<\/li>\n<li><strong>\u041f\u0430\u043a\u0435\u0442 Touring<\/strong>\u00a0(suport bagaje \u0219i preg\u0103tire pentru naviga\u021bie) \/ nu este compatibil cu Connectivity Pro<\/li>\n<li>BMW Motorrad\u00a0Connectivity Pro cu ecran TFT color de 10,25&#8243;<\/li>\n<li>Suport bagaje pentru noul topcase de 43,5 l (disponibil ca accesoriu op\u021bional)<\/li>\n<li>Alarm\u0103 antifurt<\/li>\n<\/ul>\n<p><strong>Accesorii op\u021bionale<\/strong><\/p>\n<ul>\n<li>Suport bagaje decuplat<\/li>\n<li>Topcase, negru, 43,5 l, electrificat<\/li>\n<li>Hus\u0103 pentru topcase<\/li>\n<li>Panouri laterale pentru topcase, Blackstorm metallic<\/li>\n<li>Perni\u021b\u0103 sp\u0103tar pentru topcase, neagr\u0103<\/li>\n<li>Copertin\u0103 pentru scuter<\/li>\n<li>Hus\u0103 exterioar\u0103 pentru vehicule\u00a0BMW Motorrad<\/li>\n<\/ul>","protected":false},"excerpt":{"rendered":"<ul>\n<li>Sistem de alarm\u0103 anti-furt<\/li>\n<li>Unleaded Petrol<\/li>\n<li>Pachet confort<\/li>\n<li>\u00cenc\u0103lzirea scaunelor<\/li>\n<li>M\u00e2nere \u00eenc\u0103lzite<\/li>\n<li>Touring package<\/li>\n<li>Preg\u0103tirea pentru dispozitivul GPS<\/li>\n<li>Gril\u0103 pentru bagaje<\/li>\n<li>Style Exclusive<\/li>\n<li>Parbriz colorat<\/li>\n<li>Iluminat de podea<\/li>\n<li>Alb diamant metalizat<\/li>\n<li>&#8216;Culoarea scaunului: negru<\/li>\n<li>Garan\u021bie de 5 ani<\/li>\n<li>Manualul motociclistului Rom\u00e2n\u0103<\/li>\n<\/ul>","protected":false},"featured_media":6398,"comment_status":"open","ping_status":"closed","template":"","meta":{"_acf_changed":false},"product_cat":[20],"product_tag":[],"class_list":["post-6397","product","type-product","status-publish","has-post-thumbnail","hentry","product_cat-motociclete"],"acf":[],"_links":{"self":[{"href":"https:\/\/autospace.md\/ru\/wp-json\/wp\/v2\/product\/6397","targetHints":{"allow":["GET"]}}],"collection":[{"href":"https:\/\/autospace.md\/ru\/wp-json\/wp\/v2\/product"}],"about":[{"href":"https:\/\/autospace.md\/ru\/wp-json\/wp\/v2\/types\/product"}],"replies":[{"embeddable":true,"href":"https:\/\/autospace.md\/ru\/wp-json\/wp\/v2\/comments?post=6397"}],"version-history":[{"count":3,"href":"https:\/\/autospace.md\/ru\/wp-json\/wp\/v2\/product\/6397\/revisions"}],"predecessor-version":[{"id":7288,"href":"https:\/\/autospace.md\/ru\/wp-json\/wp\/v2\/product\/6397\/revisions\/7288"}],"wp:featuredmedia":[{"embeddable":true,"href":"https:\/\/autospace.md\/ru\/wp-json\/wp\/v2\/media\/6398"}],"wp:attachment":[{"href":"https:\/\/autospace.md\/ru\/wp-json\/wp\/v2\/media?parent=6397"}],"wp:term":[{"taxonomy":"product_cat","embeddable":true,"href":"https:\/\/autospace.md\/ru\/wp-json\/wp\/v2\/product_cat?post=6397"},{"taxonomy":"product_tag","embeddable":true,"href":"https:\/\/autospace.md\/ru\/wp-json\/wp\/v2\/product_tag?post=6397"}],"curies":[{"name":"wp","href":"https:\/\/api.w.org\/{rel}","templated":true}]}}