{"id":6643,"date":"2025-08-29T08:45:26","date_gmt":"2025-08-29T06:45:26","guid":{"rendered":"https:\/\/autospace.md\/?post_type=product&#038;p=6643"},"modified":"2026-02-24T12:03:16","modified_gmt":"2026-02-24T10:03:16","slug":"lynk-co-01-core","status":"publish","type":"product","link":"https:\/\/autospace.md\/ru\/product\/lynk-co-01-core\/","title":{"rendered":"LYNK &#038; CO 01 CORE"},"content":{"rendered":"<p>Geamuri fa\u021b\u0103 cu protec\u021bie acustic\u0103<br \/>\nLumini de zi \u2013 LED<br \/>\nOglinzi exterioare cu memorie \u0219i func\u021bie de \u00eenclinare \u00een<br \/>\nmar\u0219arier<br \/>\nFaruri \u2013 Home Safety Light<br \/>\nFaruri \u2013 LED cu control activ al fazei lungi<br \/>\nGeamuri electrice fa\u021b\u0103 cu impuls<br \/>\n\u0218terg\u0103toare cu senzor de ploaie<br \/>\nStopuri spate \u2013 LED<br \/>\nLumini de cea\u021b\u0103 spate<br \/>\n\u0218terg\u0103tor lunet\u0103<br \/>\nBare longitudinale pe acoperi\u0219<br \/>\nLumini semnalizare \u2013 LED cu aprindere secven\u021bial\u0103<br \/>\nCrystal White (Metalizat)<br \/>\nMineral Green (Metalizat)<br \/>\nSparkling Black (Metalizat)<br \/>\nSuporturi pahare pentru scaunele din fa\u021b\u0103<br \/>\nScaun \u0219ofer \u2013 reglabil manual pe 6 direc\u021bii<br \/>\nParasolare cu oglinzi iluminate<br \/>\nBanchet\u0103 spate rabatabil\u0103, 60\/40<br \/>\nCotier\u0103 fa\u021b\u0103 \u2013 culisant\u0103 cu spa\u021biu de depozitare<br \/>\nSpa\u021biu de depozitare pe sp\u0103tarul scaunelor fa\u021b\u0103<br \/>\nTorpedou \u2013 blocabil cu parol\u0103<br \/>\nScaune fa\u021b\u0103 \u00eenc\u0103lzite<br \/>\nIluminare interioar\u0103 \u2013 l\u0103mpi LED pentru locurile fa\u021b\u0103 \u0219i<br \/>\nspate<br \/>\nISOFIX \u2013 scaune exterioare pe al doilea r\u00e2nd<br \/>\nISOFIX \u2013 scaun pasager fa\u021b\u0103<br \/>\nScaun pasager \u2013 reglabil manual pe 6 direc\u021bii<br \/>\nBanchet\u0103 spate \u2013 cotier\u0103 central\u0103 cu suport pentru pahare<br \/>\n\u00cenc\u0103lzire volan<br \/>\nRulou portbagaj \u2013 retractabil<br \/>\nIluminare LED portbagaj<br \/>\nPortbagaj \u2013 ancore pentru bagaje<br \/>\nProtec\u021bie podea portbagaj<br \/>\nTapi\u021berie piele ecologic\u0103<br \/>\nPriz\u0103 de alimentare de 12 V \u00een portbagaj<br \/>\nRe\u021bea 5G<br \/>\nApple Carplay \u0219i Android Auto (a doua jum\u0103tate a anului<br \/>\n2025 prin OTA)<br \/>\nAppstore<br \/>\nAudio \u2013 8 difuzoare<br \/>\nBluetooth<br \/>\nAfi\u0219aj central \u2013 15,4&#8243;<br \/>\nAfi\u0219aj \u0219ofer \u2013 10,2&#8243;<br \/>\nNaviga\u021bie<br \/>\nOTA (actualiz\u0103ri Over-The-Air)<br \/>\nPorturi USB \u2013 2 tip C \u00een fa\u021b\u0103, 2 tip C \u00een spate<br \/>\nAsisten\u021b\u0103 vocal\u0103<br \/>\nHotspot Wi-Fi<br \/>\nClimatizare \u2013 automat\u0103 pe 2 zone<br \/>\nFante ventila\u021bie pentru climatizare spate (amplasate \u00een<br \/>\nspatele consolei centrale)<br \/>\nControl de la distan\u021b\u0103 al climatiz\u0103rii<br \/>\n(prin aplica\u021bia Lynk &amp; Co)<br \/>\nCapacitate de \u00eenc\u0103rcare AC: 6,6 kW<br \/>\nSistem de recuperare al energiei la fr\u00e2nare<br \/>\nModuri de condus (Power, Hybrid \u0219i Pure)<br \/>\nSistem de recuperare a energiei cinetice<br \/>\nARP \u2013 asisten\u021b\u0103 antiruliu<br \/>\nABS \u2013 asisten\u021b\u0103 pentru prevenirea bloc\u0103rii ro\u021bilor la<br \/>\nfr\u00e2nare<br \/>\nBA \u2013 asisten\u021b\u0103 la fr\u00e2nare<br \/>\nEBD \u2013 distribu\u021bie electronic\u0103 a for\u021bei de fr\u00e2nare<br \/>\nESC \u2013 sistem electronic de control al stabilit\u0103\u021bii<br \/>\nHDC \u2013 asisten\u021b\u0103 la cobor\u00e2rea pantelor<br \/>\nHAS \u2013 asisten\u021b\u0103 pentru pornirea \u00een ramp\u0103<br \/>\nTCS \u2013 sistem de control al trac\u021biunii<br \/>\nAirbag \u2013 \u0218ofer<br \/>\nAirbag \u2013 lateral \u00eentre cele 2 locuri din fa\u021b\u0103<br \/>\nAirbag \u2013 lateral pentru locurile din fa\u021b\u0103<br \/>\nAirbag \u2013 dezactivare airbag pasager<br \/>\nAirbag \u2013 tip cortina pentru cap<br \/>\nSistem cu afi\u0219aj de monitorizare a presiunii din pneuri<br \/>\nSistem de alarm\u0103 cu senzori de interior \u0219i anti-tractare<br \/>\nBlocare automat\u0103 a portierelor<br \/>\nApel de urgen\u021b\u0103 \u00een caz de pan\u0103 (B-call)<br \/>\nApel de urgen\u021b\u0103 (E-call)<br \/>\nBlocare electric\u0103 pentru portiere (siguran\u021b\u0103 pentru copii)<br \/>\nAvertizare sonor\u0103 pentru pietoni la viteze reduse<br \/>\nEDR \u2013 \u00eenregistrare video pentru evenimente rutiere<br \/>\nProgramarea cheii digitale pe telefon<br \/>\n(prin aplica\u021bia Lynk &amp; Co)<br \/>\n2 chei cu telecomand\u0103<br \/>\nACC \u2013 Pilot automat adaptiv<br \/>\nAEB \u2013 fr\u00e2nare de urgen\u021b\u0103 automat\u0103<br \/>\nCamer\u0103 pentru mers \u00eenapoi<br \/>\nDAC \u2013 sistem detectare oboseal\u0103 \u0219ofer<br \/>\nELKA \u2013 asisten\u021b\u0103 pentru men\u021binerea benzii de rulare<br \/>\nHWA \u2013 asisten\u021b\u0103 pentru men\u021binerea benzii de rulare pe<br \/>\nautostrad\u0103<br \/>\nISA \u2013 asisten\u021b\u0103 inteligent\u0103 pentru men\u021binerea limitei de<br \/>\nvitez\u0103<br \/>\nLDW \u2013 avertizare pentru p\u0103r\u0103sirea benzii de rulare<br \/>\nLKA \u2013 asisten\u021b\u0103 pentru p\u0103strarea benzii de rulare<br \/>\nMSOW \u2013 avertizare pentru dep\u0103\u0219irea limitei de vitez\u0103<br \/>\nAsisten\u021b\u0103 la parcare \u2013 senzori de parcare fa\u021b\u0103\/spate<br \/>\nTSR \u2013 recunoa\u0219terea indicatoarelor rutiere<br \/>\nCablu \u00eenc\u0103rcare AC Tip 2, (pentru uz casnic, 230V)<br \/>\nCablu \u00eenc\u0103rcare AC Tip 2, Model 3 (pentru \u00eenc\u0103rcare la<br \/>\nsta\u021bii publice \u0219i wallbox)<br \/>\nTrus\u0103 de prim ajutor<br \/>\nKit repara\u021bie pan\u0103<\/p>","protected":false},"excerpt":{"rendered":"<p>Geamuri fa\u021b\u0103 cu protec\u021bie acustic\u0103 Lumini de zi \u2013 LED Oglinzi exterioare cu memorie \u0219i func\u021bie de \u00eenclinare \u00een mar\u0219arier<\/p>","protected":false},"featured_media":6682,"comment_status":"open","ping_status":"closed","template":"","meta":{"_acf_changed":false},"product_cat":[19],"product_tag":[],"class_list":["post-6643","product","type-product","status-publish","has-post-thumbnail","hentry","product_cat-automobile-noi"],"acf":[],"_links":{"self":[{"href":"https:\/\/autospace.md\/ru\/wp-json\/wp\/v2\/product\/6643","targetHints":{"allow":["GET"]}}],"collection":[{"href":"https:\/\/autospace.md\/ru\/wp-json\/wp\/v2\/product"}],"about":[{"href":"https:\/\/autospace.md\/ru\/wp-json\/wp\/v2\/types\/product"}],"replies":[{"embeddable":true,"href":"https:\/\/autospace.md\/ru\/wp-json\/wp\/v2\/comments?post=6643"}],"version-history":[{"count":6,"href":"https:\/\/autospace.md\/ru\/wp-json\/wp\/v2\/product\/6643\/revisions"}],"predecessor-version":[{"id":7472,"href":"https:\/\/autospace.md\/ru\/wp-json\/wp\/v2\/product\/6643\/revisions\/7472"}],"wp:featuredmedia":[{"embeddable":true,"href":"https:\/\/autospace.md\/ru\/wp-json\/wp\/v2\/media\/6682"}],"wp:attachment":[{"href":"https:\/\/autospace.md\/ru\/wp-json\/wp\/v2\/media?parent=6643"}],"wp:term":[{"taxonomy":"product_cat","embeddable":true,"href":"https:\/\/autospace.md\/ru\/wp-json\/wp\/v2\/product_cat?post=6643"},{"taxonomy":"product_tag","embeddable":true,"href":"https:\/\/autospace.md\/ru\/wp-json\/wp\/v2\/product_tag?post=6643"}],"curies":[{"name":"wp","href":"https:\/\/api.w.org\/{rel}","templated":true}]}}