{"id":6708,"date":"2025-09-15T11:19:37","date_gmt":"2025-09-15T09:19:37","guid":{"rendered":"https:\/\/autospace.md\/?post_type=product&#038;p=6708"},"modified":"2025-12-05T09:46:58","modified_gmt":"2025-12-05T07:46:58","slug":"lynk-co-02-more","status":"publish","type":"product","link":"https:\/\/autospace.md\/ru\/product\/lynk-co-02-more\/","title":{"rendered":"LYNK &#038; CO 02 MORE"},"content":{"rendered":"<p>Gril\u0103 radiator activ\u0103<br \/>\nApproach and Home safety lights<br \/>\nIndicator de stare a \u00eenc\u0103rc\u0103rii<br \/>\nLumini de zi \u2013 LED<br \/>\nElectronic door lock\/electric release<br \/>\nExterior mirrors \u2013 Memory and Tilt in reverse function<br \/>\nExterior mirrors \u2013 Power folding and heated<br \/>\nPortiere f\u0103r\u0103 ram\u0103<br \/>\nFaruri \u2013 LED cu pornire\/oprire automat\u0103 \u0219i asistent de faz\u0103<br \/>\nlung\u0103<br \/>\nHeadlights \u2013 Welcome\/Goodbye light show<br \/>\nPlafon panoramic din sticl\u0103 \u2013 Fi with heat protection<br \/>\nPower operated tailgate (with position memory)<br \/>\nPower windows \u2013 One touch up\/down on front windows<br \/>\n\u0414\u0430\u0442\u0447\u0438\u043a \u0434\u043e\u0436\u0434\u044f;<br \/>\nLumin\u0103 cea\u021b\u0103 spate<br \/>\nLumini spate \u2013 LED<br \/>\nGeamuri spate cu tent\u0103 \u00eenchis\u0103<br \/>\nLumini semnalizare \u2013 LED cu aprindere secven\u021bial\u0103<br \/>\nCosmic Blue (Metalizat)<br \/>\nCrystal White (Metalizat)<br \/>\nGrid Gray (Metalizat)<br \/>\nTechno Magenta (Metalizat)<br \/>\n(disponibil\u0103 din a doua jum\u0103tate a anului 2025 )<br \/>\nPlafon negru<br \/>\nLumin\u0103 ambiental\u0103 \u2013 &#8220;Infinity Light&#8221; (culori ajustabile)<br \/>\nSuport pahare \u2013 2 pentru locurile din fa\u021b\u0103<br \/>\nScaun \u0219ofer \u2013 reglabil electric pe 6 direc\u021bii, cu memorie<br \/>\nParasolar \u0219ofer \u2013 cu oglind\u0103 \u0219i iluminare<br \/>\nBanchet\u0103 spate rabatabil\u0103 60\/40<br \/>\nCotier\u0103 fa\u021b\u0103 \u2013 culisant\u0103, cu spa\u021biu depozitare<br \/>\nSpa\u021biu depozitare pe sp\u0103tarul scaunelor fa\u021b\u0103<br \/>\nScaune fa\u021b\u0103 \u00eenc\u0103lzite<br \/>\nLumini spa\u021biu picioare pentru locurile din fa\u021b\u0103<br \/>\nL\u0103mpi LED pentru locurile fa\u021b\u0103 \u0219i spate<br \/>\nSistem ISOFIX pentru locurile exterioare spate \u0219i scaun<br \/>\npasager<br \/>\nScaun \u0219ofer \u2013 reglabil manual pe 6 direc\u021bii<br \/>\nScaun pasager \u2013 reglabil electric pe 6 direc\u021bii, cu memorie<br \/>\nParasolar pasager \u2013 cu oglind\u0103 \u0219i iluminare<br \/>\nCotier\u0103 spate cu 2 spa\u021bii pentru pahare<br \/>\nCurea<br \/>\nVolan reglabil pe 4 direc\u021bii<br \/>\n\u041f\u043e\u0434\u043e\u0433\u0440\u0435\u0432 \u0440\u0443\u043b\u044f;<br \/>\nCovora\u0219e din material textile<br \/>\nRulou acoperire portbagaj<br \/>\nCovor protectiv portbagaj<br \/>\nC\u00e2rlige de ancorare \u00een portbagaj<br \/>\nIluminare portbagaj \u2013 LED<br \/>\nInele de amarare \u00een portbagaj<br \/>\nTapi\u021berie din material textil, reciclat<br \/>\nPriz\u0103 12 V \u00een portbagaj<br \/>\nConectivitate 5G<br \/>\nAndroid Auto (disponibil prin actualizare soft OTA)<br \/>\nMagazin aplica\u021bii<br \/>\nApple CarPlay (disponibil prin actualizare soft OTA)<br \/>\nSistem audio Harman\/Kardon cu 14 difuzoare (+ subwoofer)<br \/>\nBluetooth<br \/>\nDisplay central \u2013 15,4&#8243;<br \/>\nDisplay sofer \u2013 10,2&#8243;<br \/>\nCamer\u0103 pentru selfie<br \/>\nSistem de naviga\u021bie<br \/>\nActualiz\u0103ri OTA<br \/>\nRadio \u2013 DAB \u0219i FM<br \/>\nPrize USB fa\u021b\u0103 \u2013 tip C (60w)<br \/>\nPrize USB spate \u2013 1 tip A + 1 tip C (15w)<br \/>\nAsistent vocal \u2013 2 zone<br \/>\nHotspot Wi-Fi<br \/>\n2 \u00eenc\u0103rc\u0103toare prin induc\u021bie pentru telefoane<br \/>\nSistem de control al calit\u0103\u021bii aerului (AQS)<br \/>\nSistem de evaporare pentru bacterii\/virus<br \/>\nClimatizare automat\u0103 \u2013 2 zone<br \/>\nPomp\u0103 de c\u0103ldur\u0103<br \/>\nReglare electric\u0103 pentru grilele de ventila\u021bie fa\u021b\u0103<br \/>\nGuri de ventila\u021bie spate (plasate \u00een montan\u021bii B)<br \/>\nFiltru de aer CN95<br \/>\nSistem de climatizare ac\u021bionat remote (prin aplica\u021bia Lynk &amp; Co)<br \/>\n\u00cenc\u0103rcare AC (curent alternativ)<br \/>\n\u00cenc\u0103rcare DC (curent continuu)<br \/>\nPre-\u00eenc\u0103lzire baterie<br \/>\nSistem de regenerare a bateriei prin fr\u00e2nare<br \/>\nSistem de recirculare a energiei bateriei pentru mersul \u00een<br \/>\nramp\u0103<br \/>\nModuri de condus: Eco, Comfort, Sport, Individual<br \/>\nAsisten\u021ba pentru ruliu (ARP)<br \/>\nAsisten\u021ba pentru prevenirea bloc\u0103rii ro\u021bilor la fr\u00e2nare (ABS)<br \/>\nAsisten\u021ba pentru fr\u00e2nare (BA)<br \/>\nDistribu\u021bia electronic\u0103 a for\u021bei de fr\u00e2nare (EBD)<br \/>\nProgram electronic de asistare pentru men\u021binerea stabilit\u0103\u021bii<br \/>\n(ESC)<br \/>\nAsisten\u021ba pentru cobor\u00e2rea pantelor (HDC)<br \/>\nAsisten\u021ba pentru pornirea \u00een ramp\u0103 (HSA)<br \/>\nSistem de control al trac\u021biunii (TCS)<br \/>\nSistem pentru asistarea men\u021binerii stabilit\u0103\u021bii rulotei<br \/>\nAirbag \u2013 \u0218ofer<br \/>\nAirbag \u2013 lateral, \u00eentre cele 2 locuri din fa\u021b\u0103<br \/>\nAirbag \u2013 laterale pentru locurile din fa\u021b\u0103<br \/>\nAirbag \u2013 dezactivare airbag pasager<br \/>\nAirbag \u2013 cap, tip cortin\u0103<br \/>\nSistem de monitorizare a presiunii din pneuri<br \/>\nSistem de alarm\u0103 cu senzori de interior \u0219i anti-tractare<br \/>\nBlocare automat\u0103 pentru portiere<br \/>\nE call (apel de urgen\u021b\u0103)<br \/>\nBlocare electric\u0103 pentru portiere (child lock)<br \/>\nAvertizor sonor pentru pietoni specific vehiculelor electrice<br \/>\nEvent Data Recorder (EDR) \u2013 \u00eenregistrare video pentru<br \/>\nevenimente rutiere<br \/>\nRecunoa\u0219tere facial\u0103 pentru pornire Face ID (disponibil prin<br \/>\nactualizare OTA )<br \/>\nSistem acces \u0219i pornire motor f\u0103r\u0103 cheie<br \/>\nProgramarea cheii digitale pe telefon (prin aplica\u021bia Lynk<br \/>\n&amp; Co)<br \/>\n2 chei cu telecomand\u0103<br \/>\nFr\u00e2nare de urgen\u021b\u0103 automat\u0103 (AEB)<br \/>\nSchimbarea automat\u0103 a benzii de circula\u021bie (ALCA)<br \/>\nDetector de unghi mort (BSD)<br \/>\nCamer\u0103 \u2013 360 grade<br \/>\nAvertizare pentru u\u0219i deschise (DOW)<br \/>\nMonitorizarea aten\u021biei \u0219oferului (DMS)<br \/>\nAsisten\u021b\u0103 pentru dep\u0103\u0219irea benzii de circula\u021bie (ELKA)<br \/>\nAsistent pentru manevre de evitare (EMA)<br \/>\nAvertizare pentru traficul perpendicular frontal (FCTA)<br \/>\nAsisten\u021ba pentru rularea pe autostrada (HWA)<br \/>\nRegulator de vitez\u0103 intelligent (ICC)<br \/>\nAsisten\u021b\u0103 inteligent\u0103 pentru p\u0103strarea limitei de vitez\u0103 (ISA)<br \/>\nAsistenta pentru schimbarea benzii de circula\u021bie (LCA)<br \/>\nAvertizare pentru p\u0103r\u0103sirea benzii de circula\u021bie (LDW)<br \/>\nAsistent\u0103 pentru p\u0103strarea benzii de circula\u021bie (LKA)<br \/>\nAvertizare pentru dep\u0103\u0219irea limitei de vitez\u0103<br \/>\nSenzori de parcare fa\u021b\u0103 \u0219i spate<br \/>\nAvertizare pentru iminen\u021ba unei coliziuni din spate (RCW)<br \/>\nAvertizor pentru traficul perpendicular din spate (RCTA)<br \/>\nAsistenta pentru blocajele din traffic (TJA)<br \/>\nRecunoa\u0219terea indicatoarelor rutiere (TSR)<br \/>\nCablu \u00eenc\u0103rcare AC Tip 2, Mod 3 (pentru \u00eenc\u0103rcare la sta\u021bii<br \/>\npublice \u0219i wallbox)<br \/>\nTrus\u0103 de prim ajutor<br \/>\nKit repara\u021bie pan\u0103<\/p>","protected":false},"excerpt":{"rendered":"<p>Gril\u0103 radiator activ\u0103 Approach and Home safety lights Indicator de stare a \u00eenc\u0103rc\u0103rii Lumini de zi \u2013 LED Electronic door<\/p>","protected":false},"featured_media":6709,"comment_status":"open","ping_status":"closed","template":"","meta":{"_acf_changed":false},"product_cat":[19],"product_tag":[],"class_list":["post-6708","product","type-product","status-publish","has-post-thumbnail","hentry","product_cat-automobile-noi"],"acf":[],"_links":{"self":[{"href":"https:\/\/autospace.md\/ru\/wp-json\/wp\/v2\/product\/6708","targetHints":{"allow":["GET"]}}],"collection":[{"href":"https:\/\/autospace.md\/ru\/wp-json\/wp\/v2\/product"}],"about":[{"href":"https:\/\/autospace.md\/ru\/wp-json\/wp\/v2\/types\/product"}],"replies":[{"embeddable":true,"href":"https:\/\/autospace.md\/ru\/wp-json\/wp\/v2\/comments?post=6708"}],"version-history":[{"count":2,"href":"https:\/\/autospace.md\/ru\/wp-json\/wp\/v2\/product\/6708\/revisions"}],"predecessor-version":[{"id":7320,"href":"https:\/\/autospace.md\/ru\/wp-json\/wp\/v2\/product\/6708\/revisions\/7320"}],"wp:featuredmedia":[{"embeddable":true,"href":"https:\/\/autospace.md\/ru\/wp-json\/wp\/v2\/media\/6709"}],"wp:attachment":[{"href":"https:\/\/autospace.md\/ru\/wp-json\/wp\/v2\/media?parent=6708"}],"wp:term":[{"taxonomy":"product_cat","embeddable":true,"href":"https:\/\/autospace.md\/ru\/wp-json\/wp\/v2\/product_cat?post=6708"},{"taxonomy":"product_tag","embeddable":true,"href":"https:\/\/autospace.md\/ru\/wp-json\/wp\/v2\/product_tag?post=6708"}],"curies":[{"name":"wp","href":"https:\/\/api.w.org\/{rel}","templated":true}]}}