{"id":6951,"date":"2025-10-16T14:33:51","date_gmt":"2025-10-16T12:33:51","guid":{"rendered":"https:\/\/autospace.md\/?post_type=product&#038;p=6951"},"modified":"2025-12-05T09:46:24","modified_gmt":"2025-12-05T07:46:24","slug":"lynk-co-08-core","status":"publish","type":"product","link":"https:\/\/autospace.md\/ru\/product\/lynk-co-08-core\/","title":{"rendered":"LYNK &#038; CO 08 CORE"},"content":{"rendered":"<p>Parbriz cu protec\u021bie acustic\u0103<br \/>\nFaruri &#8211; Home Safety Light<br \/>\nLumini de zi &#8211; LED<br \/>\nOglinzi exterioare cu memorie \u0219i func\u021bie de \u00eenclinare \u00een mar\u0219arier<br \/>\nOglinzi exterioare &#8211; rabatabile electric \u0219i \u00eenc\u0103lzite<br \/>\nPortiere f\u0103r\u0103 ram\u0103<br \/>\n\u0410\u0434\u0430\u043f\u0442\u0438\u0432\u043d\u044b\u0435 \u0444\u0430\u0440\u044b<br \/>\nFaruri &#8211; LED cu pornire\/oprire automat\u0103 \u0219i asisten\u021b\u0103 pentru faz\u0103 lung\u0103<br \/>\nPlafon panoramic din sticl\u0103 &#8211; cu protec\u021bie termic\u0103<br \/>\nHayon ac\u0163ionat electric (cu memorie de pozi\u0163ie)<br \/>\nGeamuri electrice fa\u021b\u0103 cu impuls<br \/>\n\u0218terg\u0103toare cu senzor de ploaie<br \/>\n\u0218terg\u0103tor lunet\u0103<br \/>\nBare longitudinale pe acoperi\u0219<br \/>\nGeamuri spate cu tent\u0103 inchis\u0103 (privacy glass)<br \/>\nLumini semnalizare \u2013 LED cu aprindere secven\u021bial\u0103<br \/>\nAlb Cristal (Metalizat)<br \/>\nNegru Str\u0103lucitor (Metalizat)<br \/>\nGri Antracit (Metalizat)<br \/>\nPlafon negru<br \/>\nScaun \u0219ofer \u2013 reglabil electric pe 8 direc\u021bii, cu memorie<br \/>\nScaun \u0219ofer &#8211; suport lombar reglabil electric pe 4 direc\u021bii<br \/>\nScaun \u0219ofer \u2013 func\u021bie de acces facil<br \/>\nCotier\u0103 fa\u021b\u0103 cu spa\u021biu de depozitare \u0219i 2 suporturi pentru pahare<br \/>\nSpa\u021biu de depozitare pe sp\u0103tarul scaunelor fa\u021b\u0103<br \/>\nScaune fa\u021b\u0103 \u00eenc\u0103lzite<br \/>\nTorpedou \u2013 blocabil cu parol\u0103<br \/>\nLumin\u0103 ambiental\u0103 &#8211; (culori ajustabile)<br \/>\nIluminare interioar\u0103 \u2013 l\u0103mpi LED pentru locurile fa\u021b\u0103 \u0219i spate<br \/>\nLumin\u0103 spa\u021biu picioare<br \/>\nISOFIX &#8211; scaun pasager fa\u021b\u0103 \u0219i scaune exterioare pe al doilea r\u00e2nd<br \/>\nScaun pasager &#8211; reglabil electric pe 6 direc\u021bii<br \/>\nScaun pasager &#8211; suport lombar reglabil electric pe 4 direc\u021bii<br \/>\nBanchet\u0103 spate cu sp\u0103tar reglabil<br \/>\nBanchet\u0103 spate &#8211; cotier\u0103 central\u0103 cu 2 suporturi pentru pahare<br \/>\nBanchet\u0103 spate rabatabil\u0103, 60\/40<br \/>\nOglind\u0103 retrovizoare interioar\u0103 cu reglare automat\u0103 a intensit\u0103\u021bii luminii<br \/>\nVolan &#8211; reglabil pe 4 direc\u021bii<br \/>\nParasolare cu oglinzi iluminate<br \/>\nCovora\u0219e textile<br \/>\nProtec\u021bie podea portbagaj<br \/>\nRulou portbagaj retractabil<br \/>\nIluminare LED portbagaj<br \/>\nC\u00e2rlige de ancorare portbagaj<br \/>\nInterior Negru Ocean, piele ecologic\u0103 (PU)<br \/>\nClimatizare automat\u0103 \u2013 2 zone<br \/>\nFante de ventila\u021bie pentru bancheta spate<br \/>\nClimatizare cu \u00eenc\u0103lzitor PTC pentru interior<br \/>\nFiltru de aer CN95<br \/>\nSistem de climatizare ac\u021bionat de la distan\u021b\u0103<br \/>\n(prin aplica\u021bia Lynk &amp; Co)<br \/>\nPriz\u0103 12 V pentru locurile din fa\u021b\u0103<br \/>\nPriz\u0103 12 V \u00een portbagaj<br \/>\nConectivitate 5G<br \/>\nApple Carplay<br \/>\nAndroid Auto<br \/>\nAudio &#8211; 8 difuzoare<br \/>\nBluetooth<br \/>\nDisplay central &#8211; 15,4&#8243;<br \/>\nDisplay \u0219ofer &#8211; 10,2&#8243;<br \/>\nE-call (Apel de urgen\u021b\u0103) \u0219i B-call (Apel Asisten\u021b\u0103 rutier\u0103)<br \/>\nRadio FM\/DAB<br \/>\nNaviga\u021bie<br \/>\nActualiz\u0103ri OTA<br \/>\nFunc\u021bionalitate de la distan\u021b\u0103 (din aplica\u021bia mobil\u0103)<br \/>\nPrize USB fa\u021b\u0103 &#8211; 2 tip C (USB3.0 60W\/27W + USB 2.0 15W)<br \/>\nPrize USB spate &#8211; 1 tip A + 1 tip C (15W)<br \/>\nAsistent Vocal \u2013 2 zone<br \/>\nHotspot Wi-Fi<br \/>\n\u00cenc\u0103rc\u0103tor prin induc\u021bie pentru telefon<br \/>\n\u00cenc\u0103rcare AC (curent alternativ): 11kW<br \/>\n\u00cenc\u0103rcare DC (curent continuu): 85 kW<br \/>\nPre-\u00eenc\u0103lzire baterie<br \/>\nSistem de regenerare a bateriei prin fr\u00e2nare<br \/>\nSistem de reciclare a energiei la rulare liber\u0103 (reglabil)<br \/>\nSelec\u021bie moduri de condus<br \/>\nCapacitate rezervor: 60l<br \/>\nSistem de recuperare a energiei cinetice<br \/>\nCapacitate V2L (3,3 kW) (necesit\u0103 adaptor, v\u00e2ndut ca accesoriu)<br \/>\nJante aliaj 21&#8243; (255\/40 R21)<br \/>\nARP &#8211; asisten\u021b\u0103 pentru ruliu<br \/>\nABS &#8211; asisten\u021b\u0103 pentru prevenirea bloc\u0103rii ro\u021bilor la fr\u00e2nare<br \/>\nBA &#8211; asisten\u021b\u0103 pentru fr\u00e2nare<br \/>\nEBD &#8211; distribu\u021bie electronic\u0103 a for\u021bei de fr\u00e2nare<br \/>\nESC &#8211; program electronic de asistare pentru men\u021binerea stabilit\u0103\u021bii<br \/>\nHDC \u2013 asisten\u021b\u0103 la cobor\u00e2rea pantelor<br \/>\nHSA &#8211; asisten\u021b\u0103 pentru pornirea \u00een ramp\u0103<br \/>\nTCS &#8211; sistem de control al trac\u021biunii<br \/>\nAirbag &#8211; \u0218ofer<br \/>\nAirbag &#8211; lateral \u00eentre cele 2 locuri din fa\u021b\u0103<br \/>\nAirbag &#8211; lateral pentru locurile din fa\u021b\u0103<br \/>\nAirbag &#8211; dezactivare airbag pasager<br \/>\nAirbag &#8211; tip cortin\u0103 pentru cap<br \/>\nSistem de monitorizare a presiunii din pneuri<br \/>\nBlocare automat\u0103 pentru portiere<br \/>\nSistem de alarm\u0103 cu senzori de interior \u0219i anti-tractare<br \/>\nBlocare electric\u0103 pentru portiere (siguran\u021b\u0103 pentru copii)<br \/>\nEDR &#8211; inregistrare video pentru evenimente rutiere<br \/>\nRecunoa\u0219tere facial\u0103 pentru pornire<br \/>\nSistem pasiv anti-furt (PATS)<br \/>\nSistem acces \u0219i pornire motor f\u0103r\u0103 cheie<br \/>\nDetectare prezen\u021b\u0103 (copii \u0219i animale de companie)<br \/>\nProgramarea cheii digitale pe telefon<br \/>\n2 chei cu telecomand\u0103<br \/>\nBSD &#8211; sistem de monitorizare a unghiului mort<br \/>\nCamer\u0103 video 360\u00b0<br \/>\nCMSF &#8211; avertizare pentru iminen\u021ba unei coliziuni din fa\u021b\u0103<br \/>\ncu interven\u021bie asupra sistemului de fr\u00e2nare (AEB-P)<br \/>\nCMSR &#8211; avertizare pentru iminen\u021ba unei coliziuni din spate<br \/>\nFCTA &#8211; avertizare pentru traficul perpendicular frontal<br \/>\nRCTA &#8211; avertizor pentru traficul perpendicular din spate<br \/>\nDOW &#8211; avertizare pentru u\u0219i deschise<br \/>\nDMS &#8211; monitorizarea aten\u021biei \u0219oferului<br \/>\nEMA &#8211; asistent pentru manevre de evitare<br \/>\nHWA Plus &#8211; asistent pentru rularea pe autostrad\u0103<br \/>\nICC &#8211; regulator de vitez\u0103 inteligent (include ACC &#8211; Pilot<br \/>\nautomat adaptiv)<br \/>\nLCA &#8211; asistent pentru schimbarea benzii de rulare<br \/>\nLDW &#8211; avertizare pentru p\u0103r\u0103sirea benzii de rulare<br \/>\nLKA &#8211; asistent pentru p\u0103strarea benzii de rulare<br \/>\nTSI &#8211; recunoa\u0219terea indicatoarelor rutiere<br \/>\nAvertizare de dep\u0103\u0219ire a vitezei maxime<br \/>\nPark Assist &#8211; Senzori de parcare fa\u021b\u0103 \u0219i spate<br \/>\nRCW &#8211; avertizare pentru iminen\u021ba unei coliziuni din spate<br \/>\nTJA &#8211; asistent pentru blocajele din trafic<br \/>\nTraffic Sign Recognition (TSR)<br \/>\nCablu \u00eenc\u0103rcare AC Tip 3 (pentru utilizare public\u0103 \u0219i prin<br \/>\nwallbox)<br \/>\nDispozitiv detectare vapori alcool<br \/>\nTrus\u0103 de prim ajutor<br \/>\nVest\u0103 de siguran\u021b\u0103<br \/>\nKit repara\u021bie pan\u0103<\/p>","protected":false},"excerpt":{"rendered":"<p>Parbriz cu protec\u021bie acustic\u0103 Faruri &#8211; Home Safety Light Lumini de zi &#8211; LED Oglinzi exterioare cu memorie \u0219i func\u021bie<\/p>","protected":false},"featured_media":6968,"comment_status":"open","ping_status":"closed","template":"","meta":{"_acf_changed":false},"product_cat":[19],"product_tag":[],"class_list":["post-6951","product","type-product","status-publish","has-post-thumbnail","hentry","product_cat-automobile-noi"],"acf":[],"_links":{"self":[{"href":"https:\/\/autospace.md\/ru\/wp-json\/wp\/v2\/product\/6951","targetHints":{"allow":["GET"]}}],"collection":[{"href":"https:\/\/autospace.md\/ru\/wp-json\/wp\/v2\/product"}],"about":[{"href":"https:\/\/autospace.md\/ru\/wp-json\/wp\/v2\/types\/product"}],"replies":[{"embeddable":true,"href":"https:\/\/autospace.md\/ru\/wp-json\/wp\/v2\/comments?post=6951"}],"version-history":[{"count":3,"href":"https:\/\/autospace.md\/ru\/wp-json\/wp\/v2\/product\/6951\/revisions"}],"predecessor-version":[{"id":7318,"href":"https:\/\/autospace.md\/ru\/wp-json\/wp\/v2\/product\/6951\/revisions\/7318"}],"wp:featuredmedia":[{"embeddable":true,"href":"https:\/\/autospace.md\/ru\/wp-json\/wp\/v2\/media\/6968"}],"wp:attachment":[{"href":"https:\/\/autospace.md\/ru\/wp-json\/wp\/v2\/media?parent=6951"}],"wp:term":[{"taxonomy":"product_cat","embeddable":true,"href":"https:\/\/autospace.md\/ru\/wp-json\/wp\/v2\/product_cat?post=6951"},{"taxonomy":"product_tag","embeddable":true,"href":"https:\/\/autospace.md\/ru\/wp-json\/wp\/v2\/product_tag?post=6951"}],"curies":[{"name":"wp","href":"https:\/\/api.w.org\/{rel}","templated":true}]}}