{"id":7259,"date":"2025-11-19T11:11:17","date_gmt":"2025-11-19T09:11:17","guid":{"rendered":"https:\/\/autospace.md\/?post_type=product&#038;p=7259"},"modified":"2025-11-19T11:14:32","modified_gmt":"2025-11-19T09:14:32","slug":"bmw-x6-xdrive-40i-3","status":"publish","type":"product","link":"https:\/\/autospace.md\/ru\/product\/bmw-x6-xdrive-40i-3\/","title":{"rendered":"BMW X6 xDrive 40i"},"content":{"rendered":"<ul>\n<li>\u041f\u043e\u0434\u0443\u0448\u043a\u0430 \u0431\u0435\u0437\u043e\u043f\u0430\u0441\u043d\u043e\u0441\u0442\u0438 \u0434\u043b\u044f \u0432\u043e\u0434\u0438\u0442\u0435\u043b\u044f \u0438 \u043f\u0435\u0440\u0435\u0434\u043d\u0435\u0433\u043e \u043f\u0430\u0441\u0441\u0430\u0436\u0438\u0440\u0430;<\/li>\n<li>\u041e\u0441\u043d\u043e\u0432\u043d\u0430\u044f \u043f\u043e\u0434\u0443\u0448\u043a\u0430 \u0431\u0435\u0437\u043e\u043f\u0430\u0441\u043d\u043e\u0441\u0442\u0438 \u0434\u043b\u044f 1-\u0433\u043e \u0438 2-\u0433\u043e \u0440\u044f\u0434\u0430 \u0441\u0438\u0434\u0435\u043d\u0438\u0439;<\/li>\n<li>\u0411\u043e\u043a\u043e\u0432\u044b\u0435 \u043f\u043e\u0434\u0443\u0448\u043a\u0438 \u0431\u0435\u0437\u043e\u043f\u0430\u0441\u043d\u043e\u0441\u0442\u0438 \u0434\u043b\u044f \u0432\u043e\u0434\u0438\u0442\u0435\u043b\u044f \u0438 \u043f\u0430\u0441\u0441\u0430\u0436\u0438\u0440\u0430;<\/li>\n<li>\u0422\u0440\u0435\u0445\u0442\u043e\u0447\u0435\u0447\u043d\u044b\u0439 \u0440\u0435\u043c\u0435\u043d\u044c \u0431\u0435\u0437\u043e\u043f\u0430\u0441\u043d\u043e\u0441\u0442\u0438;<\/li>\n<li>\u0410\u043d\u0442\u0438\u0431\u043b\u043e\u043a\u0438\u0440\u043e\u0432\u043e\u0447\u043d\u0430\u044f \u0442\u043e\u0440\u043c\u043e\u0437\u043d\u0430\u044f \u0441\u0438\u0441\u0442\u0435\u043c\u0430 (ABS);<\/li>\n<li>\u0414\u0438\u043d\u0430\u043c\u0438\u0447\u0435\u0441\u043a\u0438\u0435 \u0441\u0442\u043e\u043f-\u0441\u0438\u0433\u043d\u0430\u043b\u044b;<\/li>\n<li>\u0414\u0438\u043d\u0430\u043c\u0438\u0447\u0435\u0441\u043a\u0438\u0439 \u043a\u043e\u043d\u0442\u0440\u043e\u043b\u044c \u0443\u0441\u0442\u043e\u0439\u0447\u0438\u0432\u043e\u0441\u0442\u0438 (DSC) \u0441 \u0440\u0430\u0441\u0448\u0438\u0440\u0435\u043d\u043d\u044b\u043c \u0441\u043e\u0434\u0435\u0440\u0436\u0430\u043d\u0438\u0435\u043c;<\/li>\n<li>\u0414\u0438\u043d\u0430\u043c\u0438\u0447\u0435\u0441\u043a\u0438\u0439 \u043a\u043e\u043d\u0442\u0440\u043e\u043b\u044c \u0442\u044f\u0433\u0438 (DTC);<\/li>\n<li>\u041b\u0435\u0433\u043a\u043e\u0441\u043f\u043b\u0430\u0432\u043d\u044b\u0435 \u0434\u0438\u0441\u043a\u0438 18\" \u0441 V-\u043e\u0431\u0440\u0430\u0437\u043d\u044b\u043c\u0438 \u0441\u043f\u0438\u0446\u0430\u043c\u0438 618 255\/55;<\/li>\n<li>\u041f\u0435\u0440\u0444\u043e\u0440\u0438\u0440\u043e\u0432\u0430\u043d\u043d\u0430\u044f \u043a\u043e\u0436\u0430 Vernasca;<\/li>\n<li>\u041e\u0442\u0434\u0435\u043b\u043a\u0430 \u0441\u0430\u043b\u043e\u043d\u0430 \u0442\u0435\u043c\u043d\u044b\u043c \u0430\u043b\u044e\u043c\u0438\u043d\u0438\u0435\u043c \u2018Mesheffect\u2019;<\/li>\n<li>\u041e\u043a\u0440\u0443\u0436\u0430\u044e\u0449\u0435\u0435 \u043e\u0441\u0432\u0435\u0449\u0435\u043d\u0438\u0435;<\/li>\n<li>LED \u0444\u0430\u0440\u044b;<\/li>\n<li>\u0421\u0432\u0435\u0442\u043e\u0434\u0438\u043e\u0434\u043d\u044b\u0435 \u043f\u0440\u043e\u0442\u0438\u0432\u043e\u0442\u0443\u043c\u0430\u043d\u043d\u044b\u0435 \u0444\u0430\u0440\u044b;<\/li>\n<li>\u0421\u0432\u0435\u0442\u043e\u0434\u0438\u043e\u0434\u043d\u044b\u0435 \u0437\u0430\u0434\u043d\u0438\u0435 \u0444\u043e\u043d\u0430\u0440\u0438;<\/li>\n<li>\u0414\u0430\u0442\u0447\u0438\u043a \u0434\u043e\u0436\u0434\u044f \u0438 \u0430\u0432\u0442\u043e\u043c\u0430\u0442\u0438\u0447\u0435\u0441\u043a\u043e\u0435 \u0443\u043f\u0440\u0430\u0432\u043b\u0435\u043d\u0438\u0435 \u043e\u0441\u0432\u0435\u0449\u0435\u043d\u0438\u0435\u043c;<\/li>\n<li>\u041d\u0430\u0440\u0443\u0436\u043d\u044b\u0435 \u0437\u0435\u0440\u043a\u0430\u043b\u0430 \u0437\u0430\u0434\u043d\u0435\u0433\u043e \u0432\u0438\u0434\u0430 \u0441 \u0444\u0443\u043d\u043a\u0446\u0438\u0435\u0439 \u0430\u0432\u0442\u043e\u043c\u0430\u0442\u0438\u0447\u0435\u0441\u043a\u043e\u0433\u043e \u0437\u0430\u0442\u0435\u043c\u043d\u0435\u043d\u0438\u044f;<\/li>\n<li>\u041a\u043d\u043e\u043f\u043a\u0430 \u0421\u0442\u0430\u0440\u0442\/\u0421\u0442\u043e\u043f;<\/li>\n<li>\u0420\u0435\u043a\u0443\u043f\u0435\u0440\u0430\u0446\u0438\u044f \u044d\u043d\u0435\u0440\u0433\u0438\u0438 \u043f\u0440\u0438 \u0442\u043e\u0440\u043c\u043e\u0436\u0435\u043d\u0438\u0438;<\/li>\n<li>\u041a\u043e\u0440\u043e\u0431\u043a\u0430 \u043f\u0435\u0440\u0435\u0434\u0430\u0447 \u0421\u0442\u0435\u043f\u0442\u0440\u043e\u043d\u0438\u043a;<\/li>\n<li>\u0421\u0435\u0440\u0432\u043e\u0442\u0440\u043e\u043d\u0438\u043a;<\/li>\n<li>\u0418\u043d\u0434\u0438\u043a\u0430\u0442\u043e\u0440 \u0438\u0437\u043d\u043e\u0441\u0430 \u0442\u043e\u0440\u043c\u043e\u0437\u043d\u044b\u0445 \u043a\u043e\u043b\u043e\u0434\u043e\u043a;<\/li>\n<li>\u042d\u043b\u0435\u043a\u0442\u0440\u043e\u043c\u0435\u0445\u0430\u043d\u0438\u0447\u0435\u0441\u043a\u0438\u0439 \u0441\u0442\u043e\u044f\u043d\u043e\u0447\u043d\u044b\u0439 \u0442\u043e\u0440\u043c\u043e\u0437;<\/li>\n<li>\u041a\u0440\u0443\u0438\u0437-\u043a\u043e\u043d\u0442\u0440\u043e\u043b\u044c \u0441 \u0444\u0443\u043d\u043a\u0446\u0438\u0435\u0439 \u0442\u043e\u0440\u043c\u043e\u0436\u0435\u043d\u0438\u044f;<\/li>\n<li>\u041f\u0435\u0440\u0435\u0434\u043d\u0438\u0435-\u0437\u0430\u0434\u043d\u0438\u0435 \u0434\u0430\u0442\u0447\u0438\u043a\u0438 \u043f\u0430\u0440\u043a\u043e\u0432\u043a\u0438;<\/li>\n<li>\u0421\u043f\u043e\u0440\u0442\u0438\u0432\u043d\u044b\u0435 \u0441\u0438\u0434\u0435\u043d\u044c\u044f \u0432\u043e\u0434\u0438\u0442\u0435\u043b\u044f \u0438 \u043f\u0435\u0440\u0435\u0434\u043d\u0435\u0433\u043e \u043f\u0430\u0441\u0441\u0430\u0436\u0438\u0440\u0430;<\/li>\n<li>\u041f\u043e\u0434\u043b\u043e\u043a\u043e\u0442\u043d\u0438\u043a;<\/li>\n<li>\u0421\u043f\u043e\u0440\u0442\u0438\u0432\u043d\u044b\u0439 \u0440\u0443\u043b\u044c \u043e\u0431\u0442\u044f\u043d\u0443\u0442\u044b\u0439 \u043a\u043e\u0436\u0435\u0439;<\/li>\n<li>\u042d\u043b\u0435\u043a\u0442\u0440\u0438\u0447\u0435\u0441\u043a\u0430\u044f \u0440\u0435\u0433\u0443\u043b\u0438\u0440\u043e\u0432\u043a\u0430 \u043d\u0430\u043f\u0440\u0430\u0432\u043b\u044f\u044e\u0449\u0435\u0439 \u043a\u043e\u043b\u043e\u043d\u043a\u0438;<\/li>\n<li>\u0422\u0435\u0440\u043c\u0438\u0447\u0435\u0441\u043a\u0430\u044f \u0438 \u0441\u043e\u043b\u043d\u0446\u0435\u0437\u0430\u0449\u0438\u0442\u043d\u0430\u044f \u0437\u0430\u0449\u0438\u0442\u0430 \u0434\u043b\u044f \u043e\u043a\u043e\u043d;<\/li>\n<li>\u0410\u0432\u0442\u043e\u043c\u0430\u0442\u0438\u0447\u0435\u0441\u043a\u0438\u0439 \u043a\u043e\u043d\u0434\u0438\u0446\u0438\u043e\u043d\u0435\u0440;<\/li>\n<li>\u041c\u0438\u043a\u0440\u043e\u0444\u0438\u043b\u044c\u0442\u0440 \u0441 \u0444\u0438\u043b\u044c\u0442\u0440\u043e\u043c \u0438\u0437 \u0430\u043a\u0442\u0438\u0432\u0438\u0440\u043e\u0432\u0430\u043d\u043d\u043e\u0433\u043e \u0443\u0433\u043b\u044f;<\/li>\n<li>\u0412\u0430\u0440\u0438\u0430\u043d\u0442\u044b \u0445\u0440\u0430\u043d\u0435\u043d\u0438\u044f;<\/li>\n<li>\u0423\u0441\u0442\u0440\u043e\u0439\u0441\u0442\u0432\u043e Hands-free \u0441 \u0438\u043d\u0442\u0435\u0440\u0444\u0435\u0439\u0441\u043e\u043c USB;<\/li>\n<li>\u0420\u044b\u0447\u0430\u0433 \u0443\u043f\u0440\u0430\u0432\u043b\u0435\u043d\u0438\u044f iDrive;<\/li>\n<li>BMW Live Cockpit Professional;<\/li>\n<li>\u0421\u0442\u0435\u0440\u0435\u043e \u0430\u043a\u0443\u0441\u0442\u0438\u0447\u0435\u0441\u043a\u0430\u044f \u0441\u0438\u0441\u0442\u0435\u043c\u0430;<\/li>\n<li>\u0410\u043d\u0433\u043b\u0438\u0439\u0441\u043a\u0430\u044f \u0432\u0435\u0440\u0441\u0438\u044f.<\/li>\n<\/ul>","protected":false},"excerpt":{"rendered":"<ul>\n<li>\u041a\u043e\u043d\u0442\u0440\u043e\u043b\u044c \u0434\u0430\u0432\u043b\u0435\u043d\u0438\u044f \u0432 \u0448\u0438\u043d\u0430\u0445;<\/li>\n<li>Triunghi reflectorizant si trusa de prim ajutor;<\/li>\n<li>Grila frontal\u0103 BMW &#8220;Iconic Glow&#8221;;<\/li>\n<li>Bare longitudinale Shadow Line M;<\/li>\n<li>BMW Individual Dravit Grey metallic;<\/li>\n<li>Pachet M Sport Pro;<\/li>\n<li>Pachet Confort;<\/li>\n<li>Jante M din aliaj u\u0219or de 21&amp;quot; cu spi\u021be \u00een V 915 M bicolore cu anvelope mixte \u0219i anvelope runflat;<\/li>\n<li>\u0410\u0432\u0430\u0440\u0438\u0439\u043d\u043e\u0435 \u0437\u0430\u043f\u0430\u0441\u043d\u043e\u0435 \u043a\u043e\u043b\u0435\u0441\u043e;<\/li>\n<li>\u0410\u0434\u0430\u043f\u0442\u0438\u0432\u043d\u044b\u0435 \u0441\u0432\u0435\u0442\u043e\u0434\u0438\u043e\u0434\u043d\u044b\u0435 \u0444\u0430\u0440\u044b;<\/li>\n<li>Pornirea motorului de la distan\u021b\u0103;<\/li>\n<li>\u041f\u043d\u0435\u0432\u043c\u0430\u0442\u0438\u0447\u0435\u0441\u043a\u0430\u044f \u043f\u043e\u0434\u0432\u0435\u0441\u043a\u0430 \u043d\u0430 \u043e\u0431\u0435\u0438\u0445 \u043e\u0441\u044f\u0445, \u0440\u0435\u0433\u0443\u043b\u0438\u0440\u0443\u0435\u043c\u0430\u044f \u043d\u0430 \u0437\u0435\u043c\u043b\u0435;<\/li>\n<li>\u041f\u0440\u043e\u0444\u0435\u0441\u0441\u0438\u043e\u043d\u0430\u043b\u044c\u043d\u044b\u0439 \u043f\u043e\u043c\u043e\u0449\u043d\u0438\u043a \u043f\u043e \u0432\u043e\u0436\u0434\u0435\u043d\u0438\u044e;<\/li>\n<li>\u0410\u0441\u0441\u0438\u0441\u0442\u0435\u043d\u0442 \u043f\u0430\u0440\u043a\u043e\u0432\u043a\u0438 Plus;<\/li>\n<li>\u0412\u0435\u043d\u0442\u0438\u043b\u0438\u0440\u0443\u0435\u043c\u044b\u0435 \u043f\u0435\u0440\u0435\u0434\u043d\u0438\u0435 \u0441\u0438\u0434\u0435\u043d\u044c\u044f;<\/li>\n<li>\u041a\u043e\u043c\u0444\u043e\u0440\u0442\u043d\u044b\u0435 \u043f\u0435\u0440\u0435\u0434\u043d\u0438\u0435 \u0441\u0438\u0434\u0435\u043d\u044c\u044f \u0441 \u044d\u043b\u0435\u043a\u0442\u0440\u043e\u0440\u0435\u0433\u0443\u043b\u0438\u0440\u043e\u0432\u043a\u0430\u043c\u0438;<\/li>\n<li>Geamuri cu izola\u0163ie fonic\u0103;<\/li>\n<li>Trap\u0103 panoramic\u0103 din sticl\u0103;<\/li>\n<li>\u0417\u0430\u0434\u043d\u0438\u0435 \u0437\u0430\u0442\u0435\u043c\u043d\u0435\u043d\u043d\u044b\u0435 \u043e\u043a\u043d\u0430;<\/li>\n<li>Ornamente din lemn fin de tei Fineline maro cu pori deschisi;<\/li>\n<li>\u0412\u0435\u043b\u044e\u0440\u043e\u0432\u044b\u0435 \u043a\u043e\u0432\u0440\u0438\u043a\u0438;<\/li>\n<li>CraftedClarity \u0443\u043a\u0440\u0430\u0448\u0435\u043d\u0438\u044f \u0434\u043b\u044f \u044d\u043b\u0435\u043c\u0435\u043d\u0442\u043e\u0432 \u0438\u043d\u0442\u0435\u0440\u044c\u0435\u0440\u0430;<\/li>\n<li>Panoul de bord BMW Individual finisat \u00een piele;<\/li>\n<li>Capitonaj plafon BMW M Alcantara antracit;<\/li>\n<li>\u0424\u0443\u043d\u043a\u0446\u0438\u044f \u043f\u043b\u0430\u0432\u043d\u043e\u0433\u043e \u0437\u0430\u043a\u0440\u044b\u0432\u0430\u043d\u0438\u044f \u0434\u0432\u0435\u0440\u0435\u0439;<\/li>\n<li>\u0421\u0438\u0441\u0442\u0435\u043c\u0430 \u041f\u0443\u0442\u0435\u0448\u0435\u0441\u0442\u0432\u0438\u0439 \u0438 \u041a\u043e\u043c\u0444\u043e\u0440\u0442\u0430;<\/li>\n<li>\u0411\u0435\u0441\u043f\u0440\u043e\u0432\u043e\u0434\u043d\u0430\u044f \u0437\u0430\u0440\u044f\u0434\u043a\u0430;<\/li>\n<li>BMW Live Cockpit Professional;<\/li>\n<li>Harman Kardon surround sound system;<\/li>\n<li>\u0420\u0430\u0441\u0448\u0438\u0440\u0435\u043d\u043d\u0430\u044f \u0441\u0438\u0441\u0442\u0435\u043c\u0430 \u043f\u043e\u0434\u043a\u043b\u044e\u0447\u0435\u043d\u0438\u044f \u0421\u043c\u0430\u0440\u0442\u0444\u043e\u043d\u0430;<\/li>\n<li>Romanian \/ on-board documentation.<\/li>\n<\/ul>","protected":false},"featured_media":7260,"comment_status":"open","ping_status":"closed","template":"","meta":{"_acf_changed":false},"product_cat":[19],"product_tag":[],"class_list":["post-7259","product","type-product","status-publish","has-post-thumbnail","hentry","product_cat-automobile-noi"],"acf":[],"_links":{"self":[{"href":"https:\/\/autospace.md\/ru\/wp-json\/wp\/v2\/product\/7259","targetHints":{"allow":["GET"]}}],"collection":[{"href":"https:\/\/autospace.md\/ru\/wp-json\/wp\/v2\/product"}],"about":[{"href":"https:\/\/autospace.md\/ru\/wp-json\/wp\/v2\/types\/product"}],"replies":[{"embeddable":true,"href":"https:\/\/autospace.md\/ru\/wp-json\/wp\/v2\/comments?post=7259"}],"version-history":[{"count":1,"href":"https:\/\/autospace.md\/ru\/wp-json\/wp\/v2\/product\/7259\/revisions"}],"predecessor-version":[{"id":7265,"href":"https:\/\/autospace.md\/ru\/wp-json\/wp\/v2\/product\/7259\/revisions\/7265"}],"wp:featuredmedia":[{"embeddable":true,"href":"https:\/\/autospace.md\/ru\/wp-json\/wp\/v2\/media\/7260"}],"wp:attachment":[{"href":"https:\/\/autospace.md\/ru\/wp-json\/wp\/v2\/media?parent=7259"}],"wp:term":[{"taxonomy":"product_cat","embeddable":true,"href":"https:\/\/autospace.md\/ru\/wp-json\/wp\/v2\/product_cat?post=7259"},{"taxonomy":"product_tag","embeddable":true,"href":"https:\/\/autospace.md\/ru\/wp-json\/wp\/v2\/product_tag?post=7259"}],"curies":[{"name":"wp","href":"https:\/\/api.w.org\/{rel}","templated":true}]}}