{"id":7341,"date":"2025-12-18T10:29:32","date_gmt":"2025-12-18T08:29:32","guid":{"rendered":"https:\/\/autospace.md\/?post_type=product&#038;p=7341"},"modified":"2026-04-06T14:10:38","modified_gmt":"2026-04-06T12:10:38","slug":"mitsubishi-outlander-sport","status":"publish","type":"product","link":"https:\/\/autospace.md\/ru\/product\/mitsubishi-outlander-sport\/","title":{"rendered":"Mitsubishi Outlander Sport"},"content":{"rendered":"<p>Motor 1,5 litri, 16 supape DOHC (4A91), 105 CP (141 kW) + CVT<\/p>\n<p>Anvelope 225\/50R18, jante din aliaj bicolore de 18 inch<\/p>\n<p>Roat\u0103 de rezerv\u0103 de dimensiune complet\u0103 + cheie pentru ro\u021bi \u0219i cric<\/p>\n<p>Oglinzi exterioare \u00een culoarea caroseriei, reglabile electric, rabatabile electric, cu semnalizatoare integrate<\/p>\n<p>Spoiler spate cu lamp\u0103 de fr\u00e2n\u0103 suplimentar\u0103 montat\u0103 sus<\/p>\n<p>Volan reglabil pe \u00een\u0103l\u021bime \u0219i ad\u00e2ncime<\/p>\n<p>\u0420\u0443\u043b\u0435\u0432\u043e\u0435 \u043a\u043e\u043b\u0435\u0441\u043e \u043e\u0431\u0442\u044f\u043d\u0443\u0442\u043e \u043a\u043e\u0436\u0435\u0439;<\/p>\n<p>Comenzi pe volan pentru sistem audio, telefon hands-free, afi\u0219aj multi-informa\u021bional \u0219i cruise control<\/p>\n<p>\u041f\u0435\u0440\u0435\u043a\u043b\u044e\u0447\u0430\u0442\u0435\u043b\u044c \u043f\u0435\u0440\u0435\u0434\u0430\u0447 \u043e\u0431\u0442\u044f\u043d\u0443\u0442 \u043a\u043e\u0436\u0435\u0439;<\/p>\n<p>Fr\u00e2n\u0103 de parcare electric\u0103 cu func\u021bie Auto Hold<\/p>\n<p>Geamuri electrice fa\u021b\u0103 \u0219i spate<\/p>\n<p>Material scaune \u2013 tapi\u021berie din piele sintetic\u0103 cu func\u021bie anti-\u00eenc\u0103lzire, negru cu accente mocha<\/p>\n<p>\u0420\u0435\u0433\u0443\u043b\u0438\u0440\u0443\u0435\u043c\u043e\u0435 \u043f\u043e \u0432\u044b\u0441\u043e\u0442\u0435 \u0441\u0438\u0434\u0435\u043d\u044c\u0435 \u0432\u043e\u0434\u0438\u0442\u0435\u043b\u044f;<\/p>\n<p>Buzunare pe sp\u0103tarul scaunelor cu compartimente multiple<\/p>\n<p>Tav\u0103 sub scaunul pasagerului din fa\u021b\u0103<\/p>\n<p>Banchet\u0103 spate rabatabil\u0103 frac\u021bionat 40:20:40<\/p>\n<p>Sp\u0103tare scaune spate rabatabile, cotier\u0103 central\u0103 spate<\/p>\n<p>Consol\u0103 central\u0103 cu cotier\u0103 \u0219i func\u021bie de r\u0103cire<\/p>\n<p>\u00cenc\u0103rc\u0103tor wireless cu iluminare<\/p>\n<p>Port USB fa\u021b\u0103 \u2013 Type-A \u0219i Type-C<\/p>\n<p>Porturi USB pentru \u00eenc\u0103rcare (consol\u0103 spate) \u2013 Type-A \u0219i Type-C<\/p>\n<p>Finisaj moale al consolei cu accent din material textil \u201eWhite melange\u201d \u0219i cus\u0103turi mocha<\/p>\n<p>Selector moduri de rulare (Normal \/ Wet \/ Gravel \/ Mud)<\/p>\n<p>Camer\u0103 video pentru mar\u0219arier<\/p>\n<p>Active Yaw Control [AYC]<\/p>\n<p>Sistem de fr\u00e2nare antiblocare [ABS] cu distribu\u021bie electronic\u0103 a for\u021bei de fr\u00e2nare [EBD] \u0219i asisten\u021b\u0103 la fr\u00e2nare (BA)<\/p>\n<p>Oglind\u0103 retrovizoare interioar\u0103 cu func\u021bie anti-orbire automat\u0103<\/p>\n<p>Airbaguri SRS frontale, laterale \u0219i tip cortin\u0103<\/p>\n<p>Cruise control<\/p>\n<p>Sistem de avertizare unghi mort [BSW]<\/p>\n<p>Sistem de avertizare trafic transversal la mersul \u00eenapoi [RCTA]<\/p>\n<p>Asisten\u021b\u0103 la pornirea \u00een ramp\u0103 [HSA]<\/p>\n<p>Senzori de parcare (spate)<\/p>\n<p>Sistem activ de control al stabilit\u0103\u021bii [ASC]<\/p>\n<p>Sistem de monitorizare a presiunii \u00een anvelope [TPMS]<\/p>\n<p>Climatizare automat\u0103 pe dou\u0103 zone (comenzi cu butoane \u0219i afi\u0219aj LCD)<\/p>\n<p>Gur\u0103 de ventila\u021bie la nivelul genunchilor \u0219oferului<\/p>\n<p>Guri de ventila\u021bie pentru pasagerii din spate<\/p>\n<p>Display audio cu conectivitate smartphone de 12,3 inch [SDA] \u2013 radio AM\/FM, Bluetooth, Apple CarPlay, Google Android Auto<\/p>\n<p>Sistem audio Dynamic Sound Yamaha Premium cu 8 difuzoare<\/p>\n<p>Afi\u0219aj digital pentru \u0219ofer de 8 inch<\/p>\n<p>Iluminare ambiental\u0103 \u2013 compartiment pasager \u0219i panouri u\u0219i fa\u021b\u0103<\/p>\n<p>Sistem de acces \u0219i pornire f\u0103r\u0103 cheie [KOS]<\/p>\n<p>Hay\u00f3n electric cu func\u021bie hands-free, \u00eenchidere \u0219i blocare automat\u0103 \u0219i memorie pentru \u00een\u0103l\u021bime<\/p>\n<p>Faruri LED (faz\u0103 scurt\u0103\/lung\u0103) cu reglaj manual al \u00een\u0103l\u021bimii<\/p>\n<p>Proiectoare de cea\u021b\u0103 fa\u021b\u0103 LED<\/p>\n<p>Stopuri spate LED complete<\/p>\n<p>Geamuri electrice (\u0219ofer cu func\u021bie auto sus\/jos \u0219i protec\u021bie anti-prindere)<\/p>\n<p>\u0218terg\u0103toare de parbriz cu senzor de ploaie<\/p>","protected":false},"excerpt":{"rendered":"<p>Motor 1,5 litri, 16 supape DOHC (4A91), 105 CP (141 kW) + CVT Anvelope 225\/50R18, jante din aliaj bicolore de<\/p>","protected":false},"featured_media":7342,"comment_status":"open","ping_status":"closed","template":"","meta":{"_acf_changed":false},"product_cat":[19],"product_tag":[],"class_list":["post-7341","product","type-product","status-publish","has-post-thumbnail","hentry","product_cat-automobile-noi"],"acf":[],"_links":{"self":[{"href":"https:\/\/autospace.md\/ru\/wp-json\/wp\/v2\/product\/7341","targetHints":{"allow":["GET"]}}],"collection":[{"href":"https:\/\/autospace.md\/ru\/wp-json\/wp\/v2\/product"}],"about":[{"href":"https:\/\/autospace.md\/ru\/wp-json\/wp\/v2\/types\/product"}],"replies":[{"embeddable":true,"href":"https:\/\/autospace.md\/ru\/wp-json\/wp\/v2\/comments?post=7341"}],"version-history":[{"count":3,"href":"https:\/\/autospace.md\/ru\/wp-json\/wp\/v2\/product\/7341\/revisions"}],"predecessor-version":[{"id":7452,"href":"https:\/\/autospace.md\/ru\/wp-json\/wp\/v2\/product\/7341\/revisions\/7452"}],"wp:featuredmedia":[{"embeddable":true,"href":"https:\/\/autospace.md\/ru\/wp-json\/wp\/v2\/media\/7342"}],"wp:attachment":[{"href":"https:\/\/autospace.md\/ru\/wp-json\/wp\/v2\/media?parent=7341"}],"wp:term":[{"taxonomy":"product_cat","embeddable":true,"href":"https:\/\/autospace.md\/ru\/wp-json\/wp\/v2\/product_cat?post=7341"},{"taxonomy":"product_tag","embeddable":true,"href":"https:\/\/autospace.md\/ru\/wp-json\/wp\/v2\/product_tag?post=7341"}],"curies":[{"name":"wp","href":"https:\/\/api.w.org\/{rel}","templated":true}]}}