{"id":7360,"date":"2026-01-02T11:13:30","date_gmt":"2026-01-02T09:13:30","guid":{"rendered":"https:\/\/autospace.md\/?post_type=product&#038;p=7360"},"modified":"2026-01-02T11:22:50","modified_gmt":"2026-01-02T09:22:50","slug":"jante-pentru-x6-x5-g05-g06-style-735","status":"publish","type":"product","link":"https:\/\/autospace.md\/ru\/product\/jante-pentru-x6-x5-g05-g06-style-735\/","title":{"rendered":"Jante pentru X6, X5 (G05 G06) Style 735"},"content":{"rendered":"","protected":false},"excerpt":{"rendered":"<p>Janta de 19\u00a0 din aliaj u\u0219or de calitate superioar\u0103, stil 735 , este proiectat\u0103 \u00een Ferricgrey .<\/p>\n<p>Combina\u021biile de ro\u021bi \u0219i anvelope aprobate pentru vehiculul dumneavoastr\u0103 sunt disponibile la cerere.<\/p>","protected":false},"featured_media":7361,"comment_status":"open","ping_status":"closed","template":"","meta":{"_acf_changed":false},"product_cat":[359],"product_tag":[],"class_list":["post-7360","product","type-product","status-publish","has-post-thumbnail","hentry","product_cat-jante"],"acf":[],"_links":{"self":[{"href":"https:\/\/autospace.md\/ru\/wp-json\/wp\/v2\/product\/7360","targetHints":{"allow":["GET"]}}],"collection":[{"href":"https:\/\/autospace.md\/ru\/wp-json\/wp\/v2\/product"}],"about":[{"href":"https:\/\/autospace.md\/ru\/wp-json\/wp\/v2\/types\/product"}],"replies":[{"embeddable":true,"href":"https:\/\/autospace.md\/ru\/wp-json\/wp\/v2\/comments?post=7360"}],"version-history":[{"count":1,"href":"https:\/\/autospace.md\/ru\/wp-json\/wp\/v2\/product\/7360\/revisions"}],"predecessor-version":[{"id":7363,"href":"https:\/\/autospace.md\/ru\/wp-json\/wp\/v2\/product\/7360\/revisions\/7363"}],"wp:featuredmedia":[{"embeddable":true,"href":"https:\/\/autospace.md\/ru\/wp-json\/wp\/v2\/media\/7361"}],"wp:attachment":[{"href":"https:\/\/autospace.md\/ru\/wp-json\/wp\/v2\/media?parent=7360"}],"wp:term":[{"taxonomy":"product_cat","embeddable":true,"href":"https:\/\/autospace.md\/ru\/wp-json\/wp\/v2\/product_cat?post=7360"},{"taxonomy":"product_tag","embeddable":true,"href":"https:\/\/autospace.md\/ru\/wp-json\/wp\/v2\/product_tag?post=7360"}],"curies":[{"name":"wp","href":"https:\/\/api.w.org\/{rel}","templated":true}]}}