{"id":7504,"date":"2026-02-17T10:59:26","date_gmt":"2026-02-17T08:59:26","guid":{"rendered":"https:\/\/autospace.md\/?post_type=product&#038;p=7504"},"modified":"2026-02-17T11:06:13","modified_gmt":"2026-02-17T09:06:13","slug":"mini-5-door-cooper-s","status":"publish","type":"product","link":"https:\/\/autospace.md\/ru\/product\/mini-5-door-cooper-s\/","title":{"rendered":"MINI 5-door Cooper S"},"content":{"rendered":"<ul>\n<li>Faruri \u015fi stopuri cu LED;<\/li>\n<li>Suport pentru \u015fine de plafon \u00een negru lucios;<\/li>\n<li>Jante din aliaj cu con\u0163inut 70% aluminiu secundar;<\/li>\n<li>Design interior &amp; confort;<\/li>\n<li>Unitatea de interac\u0163iune MINI \u2013 ecran OLED circular, 24 cm;<\/li>\n<li>Lumini ambientale;<\/li>\n<li>Modurile MINI \u2013 Core, Green \u015fi GoKart;<\/li>\n<li>Radio digital;<\/li>\n<li>climatizare automat\u0103 dou\u0103 zone, prize de aer reglabile;<\/li>\n<li>Materiale reciclate \u00een elementele de interior, precum capitonajele, covora\u015fele \u015fi \u2013 \u00een func\u0163ie de versiune \u2013 husele pentru scaune Performan\u0163\u0103;<\/li>\n<li>Tehnologie mild hybrid de 48 de vol\u0163i, un consum redus de combustibil\/emisii, o accelera\u0163ie mai bun\u0103;<\/li>\n<li>Tehnologie MINI TwinPower Turbo;<\/li>\n<li>Transmisie cu 7 trepte, ambreiaj dublu;<\/li>\n<li>Driving Assistant: Sistem de asisten\u0163\u0103 la men\u0163inerea benzii de rulare, cu detectarea unghiului mort, prevenirea coliziunii din spate \u015fi avertizare la ie\u015firea din automobil;<\/li>\n<li>Avertizare de coliziune cu func\u0163ie de fr\u00e2nare;<\/li>\n<li>Speed Limit Info \u015fi Speed Limit Assist;<\/li>\n<li>Pilot automat dinamic;<\/li>\n<li>Asistent la parcare, cu sistem activ de asisten\u0163\u0103 la parcare \u015fi camer\u0103 retrovizoare;<\/li>\n<li>Asisten\u0163\u0103 pentru mersul \u00een mar\u015farier;<\/li>\n<li>Asisten\u0163\u0103 la remorcare (cu c\u00e2rlig de remorcare op\u0163ional);<\/li>\n<li>Teleservices; Apel de urgen\u0163\u0103;<\/li>\n<li>\u041f\u0440\u043e\u0442\u0438\u0432\u043e\u0443\u0433\u043e\u043d\u043d\u044b\u0435 \u0437\u0430\u043c\u043a\u0438;<\/li>\n<li>Kit pentru reparare anvelope;<\/li>\n<li>Triunghi re\ufb02ectorizant;<\/li>\n<li>Deschiderea\/\u00eenchiderea complet\u0103 a hayonului prin simpla atingere a unui buton;<\/li>\n<li>Naviga\u0163ie MINI; \u201eMINI Intelligent Personal Assistant\u201d &#8211; operare \u015fi interac\u0163iune prin comenzi vocale;<\/li>\n<li>Sistem de integrare pentru smartphone: Apple Car Play &amp;Android Auto; eSIM personal;<\/li>\n<li>Servicii la distan\u0163\u0103 \u2013 Operarea func\u0163iilor automobilului de pe telefonul mobil;<\/li>\n<li>Senzor de ploaie, inclusiv duze de sp\u0103lare a parbrizului \u00eenc\u0103lzite;<\/li>\n<li>Oglinzi laterale reglabile electric \u015fi \u00eenc\u0103lzite electric;<\/li>\n<li>Sistem de \u00eenc\u0103rcare prin intermediul sistemului de \u00eenc\u0103rcare cu \u00eemp\u0103r\u0163irea banchetei spate 40:20:40 \u015fi \u00eenclinarea reglabil\u0103 a sp\u0103tarului banchetei spate;<\/li>\n<li>Puncte de ancorare i-Size pe scaunele pasager fa\u0163\u0103\/exteriorul scaunelor spate plus dezactivarea airbagului pasagerului din fa\u0163\u0103;<\/li>\n<li>Covora\u015fe din velur.<\/li>\n<\/ul>","protected":false},"excerpt":{"rendered":"<ul>\n<li>\u00a0\u041a\u043e\u043d\u0442\u0440\u043e\u043b\u044c \u0434\u0430\u0432\u043b\u0435\u043d\u0438\u044f \u0432 \u0448\u0438\u043d\u0430\u0445;<\/li>\n<li>\u041a\u043e\u043c\u043f\u043b\u0435\u043a\u0442 \u0434\u043b\u044f \u0440\u0435\u043c\u043e\u043d\u0442\u0430 \u0448\u0438\u043d;<\/li>\n<li>Triunghi re\ufb02ectorizant si trusa de prim ajutor;<\/li>\n<li>Ata\u0219ament ISOFIX scaun pentru copii;<\/li>\n<li>Linii sport rosii;<\/li>\n<li>Culoare Icy Sunshine Blue;<\/li>\n<li>John Cooper Works Trim;<\/li>\n<li>Pachet confort;<\/li>\n<li>\u0411\u043e\u043b\u0442\u044b \u0431\u043b\u043e\u043a\u0438\u0440\u043e\u0432\u043a\u0438 \u043a\u043e\u043b\u0435\u0441;<\/li>\n<li>17&#8221; John Cooper Works Sprint spoke black;<\/li>\n<li>Pornirea motorului de la distan\u021b\u0103;<\/li>\n<li>\u041f\u043e\u043c\u043e\u0449\u043d\u0438\u043a \u043f\u043e \u0432\u043e\u0436\u0434\u0435\u043d\u0438\u044e;<\/li>\n<li>\u0410\u0441\u0441\u0438\u0441\u0442\u0435\u043d\u0442 \u043f\u0430\u0440\u043a\u043e\u0432\u043a\u0438 Plus;<\/li>\n<li>Scaune fa\u0163\u0103 reglabile electric cu memorie;<\/li>\n<li>\u00cenc\u0103lzirea scaunelor pentru \u0219ofer \u0219i pasagerul din fa\u021b\u0103;<\/li>\n<li>MINI Experience Modes;<\/li>\n<li>MINI Head-Up Display;<\/li>\n<li>MINI NavigationAR;<\/li>\n<li>Harman Kardon surround sound system;<\/li>\n<li>Versiunea \u00een limba rus\u0103.<\/li>\n<\/ul>","protected":false},"featured_media":7506,"comment_status":"open","ping_status":"closed","template":"","meta":{"_acf_changed":false},"product_cat":[19],"product_tag":[],"class_list":["post-7504","product","type-product","status-publish","has-post-thumbnail","hentry","product_cat-automobile-noi"],"acf":[],"_links":{"self":[{"href":"https:\/\/autospace.md\/ru\/wp-json\/wp\/v2\/product\/7504","targetHints":{"allow":["GET"]}}],"collection":[{"href":"https:\/\/autospace.md\/ru\/wp-json\/wp\/v2\/product"}],"about":[{"href":"https:\/\/autospace.md\/ru\/wp-json\/wp\/v2\/types\/product"}],"replies":[{"embeddable":true,"href":"https:\/\/autospace.md\/ru\/wp-json\/wp\/v2\/comments?post=7504"}],"version-history":[{"count":1,"href":"https:\/\/autospace.md\/ru\/wp-json\/wp\/v2\/product\/7504\/revisions"}],"predecessor-version":[{"id":7509,"href":"https:\/\/autospace.md\/ru\/wp-json\/wp\/v2\/product\/7504\/revisions\/7509"}],"wp:featuredmedia":[{"embeddable":true,"href":"https:\/\/autospace.md\/ru\/wp-json\/wp\/v2\/media\/7506"}],"wp:attachment":[{"href":"https:\/\/autospace.md\/ru\/wp-json\/wp\/v2\/media?parent=7504"}],"wp:term":[{"taxonomy":"product_cat","embeddable":true,"href":"https:\/\/autospace.md\/ru\/wp-json\/wp\/v2\/product_cat?post=7504"},{"taxonomy":"product_tag","embeddable":true,"href":"https:\/\/autospace.md\/ru\/wp-json\/wp\/v2\/product_tag?post=7504"}],"curies":[{"name":"wp","href":"https:\/\/api.w.org\/{rel}","templated":true}]}}