{"id":7634,"date":"2026-03-06T15:38:18","date_gmt":"2026-03-06T13:38:18","guid":{"rendered":"https:\/\/autospace.md\/?post_type=product&#038;p=7634"},"modified":"2026-03-06T15:38:18","modified_gmt":"2026-03-06T13:38:18","slug":"bmw-x3-20-xdrive-6","status":"publish","type":"product","link":"https:\/\/autospace.md\/ru\/product\/bmw-x3-20-xdrive-6\/","title":{"rendered":"BMW X3 20 xDrive"},"content":{"rendered":"<ul>\n<li>\u041f\u043e\u0434\u0443\u0448\u043a\u0438 \u0431\u0435\u0437\u043e\u043f\u0430\u0441\u043d\u043e\u0441\u0442\u0438 \u0434\u043b\u044f \u0432\u043e\u0434\u0438\u0442\u0435\u043b\u044f \u0438 \u043f\u0435\u0440\u0435\u0434\u043d\u0435\u0433\u043e \u043f\u0430\u0441\u0441\u0430\u0436\u0438\u0440\u0430;<\/li>\n<li>\u0410\u043d\u0442\u0438\u0431\u043b\u043e\u043a\u0438\u0440\u043e\u0432\u043e\u0447\u043d\u0430\u044f \u0442\u043e\u0440\u043c\u043e\u0437\u043d\u0430\u044f \u0441\u0438\u0441\u0442\u0435\u043c\u0430 (ABS);<\/li>\n<li>\u0414\u0430\u0442\u0447\u0438\u043a \u0443\u0434\u0430\u0440\u0430;<\/li>\n<li>Control dinamic al stabilit\u0103\u0163ii (DSC) cu func\u0163ii extinse;<\/li>\n<li>\u0414\u0438\u043d\u0430\u043c\u0438\u0447\u0435\u0441\u043a\u0438\u0439 \u043a\u043e\u043d\u0442\u0440\u043e\u043b\u044c \u0442\u044f\u0433\u0438 (DTC);<\/li>\n<li>Airbag-uri cortin\u0103 fa\u0163\u0103 \u015fi spate;<\/li>\n<li>Airbag-uri laterale pentru conduc\u0103torul auto \u015fi pasagerul fa\u0163\u0103;<\/li>\n<li>\u0421\u0438\u0441\u0442\u0435\u043c\u0430 \u043a\u0440\u0435\u043f\u043b\u0435\u043d\u0438\u044f \u0434\u0435\u0442\u0441\u043a\u043e\u0433\u043e \u0441\u0438\u0434\u0435\u043d\u044c\u044f ISOFIX;<\/li>\n<li>Carcase oglinzi exterioare \u00een culoarea caroseriei;<\/li>\n<li>Rame geamuri \u00een negru;<\/li>\n<li>Gril\u0103 frontal\u0103 ornamental\u0103 cu barele grilei radiatorului \u00een negru;<\/li>\n<li>Portiere spate cu blocare mecanic\u0103 pentru protec\u0163ie copii;<\/li>\n<li>Jante din aliaj u\u015for de 17&#8243;, tip 875;<\/li>\n<li>Ornamente interioare Argintiu \u00eenchis mat;<\/li>\n<li>Sp\u0103tar banchet\u0103 spate, rabatabil \u015fi frac\u0163ionabil 60:40;<\/li>\n<li>Scaune standard pentru conduc\u0103torul auto \u015fi pasagerul fa\u0163\u0103, cu reglare manual\u0103;<\/li>\n<li>Coloan\u0103 de direc\u0163ie reglabil\u0103 mecanic \u00een \u00een\u0103l\u0163ime \u015fi lungime;<\/li>\n<li>\u0410\u0432\u0442\u043e\u043c\u0430\u0442\u0438\u0447\u0435\u0441\u043a\u0438\u0439 \u043a\u043e\u043d\u0434\u0438\u0446\u0438\u043e\u043d\u0435\u0440;<\/li>\n<li>Cotier\u0103 fa\u0163\u0103 \u015fi spate, integrat\u0103 \u00een portier\u0103;<\/li>\n<li>Oglinzi exterioare \u00eenc\u0103lzite \u015fi reglabile electric;<\/li>\n<li>Buton \u00eenchidere centralizat\u0103;<\/li>\n<li>\u042d\u043b\u0435\u043a\u0442\u0440\u043e\u043d\u043d\u044b\u0439 \u0438\u043c\u043c\u043e\u0431\u0438\u043b\u0430\u0439\u0437\u0435\u0440 \u0430\u0432\u0442\u043e\u043c\u043e\u0431\u0438\u043b\u044f;<\/li>\n<li>Geamuri electrice, cu func\u0163ie \u00eempotriva prinderii, sistem de deschidere\u00eenchidere comod;<\/li>\n<li>Lumin\u0103 \u00een portbagaj;<\/li>\n<li>Deschidere portbagaj \u00een caz de urgen\u0163\u0103;<\/li>\n<li>Posibilitatea salv\u0103rii set\u0103rilor personale prin intermediul cheii;<\/li>\n<li>\u041d\u0430\u0433\u0440\u0435\u0432\u0430\u0435\u043c\u044b\u0435 \u043d\u0430\u0441\u0430\u0434\u043a\u0438 \u0434\u043b\u044f \u043c\u043e\u0439\u043a\u0438 \u0432\u0435\u0442\u0440\u043e\u0432\u043e\u0433\u043e \u0441\u0442\u0435\u043a\u043b\u0430;<\/li>\n<li>\u041a\u043d\u043e\u043f\u043a\u0430 \u0421\u0442\u0430\u0440\u0442\/\u0421\u0442\u043e\u043f;<\/li>\n<li>\u0421\u0442\u0435\u0440\u0435\u043e\u0441\u0438\u0441\u0442\u0435\u043c\u0430 \u0441 6 \u0434\u0438\u043d\u0430\u043c\u0438\u043a\u0430\u043c\u0438;<\/li>\n<li>BMW Live Cockpit Plus.<\/li>\n<\/ul>","protected":false},"excerpt":{"rendered":"<ul>\n<li>\u041a\u043e\u043d\u0442\u0440\u043e\u043b\u044c \u0434\u0430\u0432\u043b\u0435\u043d\u0438\u044f \u0432 \u0448\u0438\u043d\u0430\u0445;<\/li>\n<li>Kit de reparare a anvelopelor Plus;<\/li>\n<li>Triunghi reflectorizant si trusa de prim ajutor;<\/li>\n<li>\u041c \u0421\u043f\u043e\u0440\u0442 \u043f\u0430\u043a\u0435\u0442;<\/li>\n<li>\u041f\u0440\u043e\u0442\u0438\u0432\u043e\u0443\u0433\u043e\u043d\u043d\u044b\u0435 \u0437\u0430\u043c\u043a\u0438;<\/li>\n<li>Jante din aliaj u\u0219or M de 19&#8243; cu spi\u021be \u00een Y 1035 M bicolore;<\/li>\n<li>Pachetul exterior BMW Iconic Glow;<\/li>\n<li>\u041e\u043a\u0440\u0443\u0436\u0430\u044e\u0449\u0438\u0439 \u0441\u0432\u0435\u0442;<\/li>\n<li>\u0410\u0434\u0430\u043f\u0442\u0438\u0432\u043d\u044b\u0435 \u0441\u0432\u0435\u0442\u043e\u0434\u0438\u043e\u0434\u043d\u044b\u0435 \u0444\u0430\u0440\u044b;<\/li>\n<li>Pornirea motorului de la distan\u021b\u0103;<\/li>\n<li>\u041f\u043e\u043c\u043e\u0449\u043d\u0438\u043a \u043f\u043e \u0432\u043e\u0436\u0434\u0435\u043d\u0438\u044e;<\/li>\n<li>Suport lombar;<\/li>\n<li>\u041f\u043e\u0434\u043e\u0433\u0440\u0435\u0432 \u043f\u0435\u0440\u0435\u0434\u043d\u0438\u0445 \u0438 \u0437\u0430\u0434\u043d\u0438\u0445 \u0441\u0438\u0434\u0435\u043d\u0438\u0439;<\/li>\n<li>Incalzire volan;<\/li>\n<li>\u0417\u0430\u0434\u043d\u0438\u0435 \u0437\u0430\u0442\u0435\u043c\u043d\u0435\u043d\u043d\u044b\u0435 \u043e\u043a\u043d\u0430;<\/li>\n<li>\u0410\u0432\u0442\u043e\u043c\u0430\u0442\u0438\u0447\u0435\u0441\u043a\u0438\u0439 \u043a\u043e\u043d\u0434\u0438\u0446\u0438\u043e\u043d\u0435\u0440;<\/li>\n<li>\u0421\u0438\u0441\u0442\u0435\u043c\u0430 \u041f\u0443\u0442\u0435\u0448\u0435\u0441\u0442\u0432\u0438\u0439 \u0438 \u041a\u043e\u043c\u0444\u043e\u0440\u0442\u0430;<\/li>\n<li>\u0411\u0435\u0441\u043f\u0440\u043e\u0432\u043e\u0434\u043d\u0430\u044f \u0437\u0430\u0440\u044f\u0434\u043a\u0430;<\/li>\n<li>\u0421\u0438\u0441\u0442\u0435\u043c\u0430 \u043e\u0431\u044a\u0435\u043c\u043d\u043e\u0433\u043e \u0437\u0432\u0443\u0447\u0430\u043d\u0438\u044f Harman Kardon;<\/li>\n<li>Romanian \/ on-board documentation.<\/li>\n<\/ul>","protected":false},"featured_media":7635,"comment_status":"open","ping_status":"closed","template":"","meta":{"_acf_changed":false},"product_cat":[19],"product_tag":[],"class_list":["post-7634","product","type-product","status-publish","has-post-thumbnail","hentry","product_cat-automobile-noi"],"acf":[],"_links":{"self":[{"href":"https:\/\/autospace.md\/ru\/wp-json\/wp\/v2\/product\/7634","targetHints":{"allow":["GET"]}}],"collection":[{"href":"https:\/\/autospace.md\/ru\/wp-json\/wp\/v2\/product"}],"about":[{"href":"https:\/\/autospace.md\/ru\/wp-json\/wp\/v2\/types\/product"}],"replies":[{"embeddable":true,"href":"https:\/\/autospace.md\/ru\/wp-json\/wp\/v2\/comments?post=7634"}],"version-history":[{"count":1,"href":"https:\/\/autospace.md\/ru\/wp-json\/wp\/v2\/product\/7634\/revisions"}],"predecessor-version":[{"id":7640,"href":"https:\/\/autospace.md\/ru\/wp-json\/wp\/v2\/product\/7634\/revisions\/7640"}],"wp:featuredmedia":[{"embeddable":true,"href":"https:\/\/autospace.md\/ru\/wp-json\/wp\/v2\/media\/7635"}],"wp:attachment":[{"href":"https:\/\/autospace.md\/ru\/wp-json\/wp\/v2\/media?parent=7634"}],"wp:term":[{"taxonomy":"product_cat","embeddable":true,"href":"https:\/\/autospace.md\/ru\/wp-json\/wp\/v2\/product_cat?post=7634"},{"taxonomy":"product_tag","embeddable":true,"href":"https:\/\/autospace.md\/ru\/wp-json\/wp\/v2\/product_tag?post=7634"}],"curies":[{"name":"wp","href":"https:\/\/api.w.org\/{rel}","templated":true}]}}