{"id":8012,"date":"2026-04-14T10:58:44","date_gmt":"2026-04-14T08:58:44","guid":{"rendered":"https:\/\/autospace.md\/?post_type=product&#038;p=8012"},"modified":"2026-04-14T13:55:21","modified_gmt":"2026-04-14T11:55:21","slug":"bmw-r-1300-rt-2","status":"publish","type":"product","link":"https:\/\/autospace.md\/ru\/product\/bmw-r-1300-rt-2\/","title":{"rendered":"BMW R 1300 RT"},"content":{"rendered":"<p><strong>Echipament standard<\/strong><\/p>\n<ul>\n<li><strong>Dot\u0103ri standard<\/strong>\n<ul>\n<li>Keyless Ride (pornirea motorului f\u0103r\u0103 cheie)<\/li>\n<li>Suspensie cu reglaj electronic Dynamic ESA (Electronic Suspension Adjustment)<\/li>\n<li>Monitorizarea presiunii \u00een anvelope (RDC)<\/li>\n<li>Baterie litiu-ion<\/li>\n<li>DCC &#8211; Dynamic Cruise Control (pilot automat dinamic)<\/li>\n<li>M\u00e2nere \u00eenc\u0103lzite<\/li>\n<li>Compartiment de \u00eenc\u0103rcare pentru smartphone, cu clem\u0103 pentru card<\/li>\n<li>Rezervor din aluminiu<\/li>\n<li>Ghidajul ro\u021bii din fa\u021b\u0103\u00a0BMW Motorrad\u00a0EVO-Telelever<\/li>\n<\/ul>\n<p><strong>Dot\u0103ri op\u021bionale<\/strong><\/p>\n<ul>\n<li>Audio Pro<\/li>\n<li>Pachet Confort pentru pasager<\/li>\n<li>Deflector de v\u00e2nt variabil<\/li>\n<li>DCA &#8211; Dynamic Chassis Adaption (Suspensie controlat\u0103 electronic, care include dou\u0103 pozi\u021bii de condus, arcuri cu rate variabile \u0219i func\u021bie de pretensionare)<\/li>\n<li>Far Pro<\/li>\n<li>Moduri de iluminare adaptiv\u0103<\/li>\n<li>Sistem de bagaje cu volum variabil<\/li>\n<li>Asistent de comutare automat ASA &#8211; Automated Shift Assistant (sistem care automatizeaz\u0103 ac\u021bionarea ambreiajului \u0219i schimbarea treptelor de vitez\u0103)<\/li>\n<li>Riding Assistant (Sisteme pentru asistarea condusului)<\/li>\n<\/ul>\n<p>&nbsp;<\/p>\n<p><strong>Accesorii op\u021bionale<\/strong><\/p>\n<ul>\n<li>Parbriz Confort \u00eenalt<\/li>\n<li>Suporturi reglabile pentru picioare, de culoare neagr\u0103<\/li>\n<li>Protec\u021bie contra impactului pentru cutiile de touring<\/li>\n<li>Geant\u0103 interioar\u0103 pentru topcase<\/li>\n<li>Geant\u0103 interioar\u0103 pentru cutie<\/li>\n<li>Cadru de protec\u021bie pentru motor, argintiu<\/li>\n<\/ul>\n<\/li>\n<\/ul>","protected":false},"excerpt":{"rendered":"<ul>\n<li>\u041f\u0440\u043e\u0444\u0435\u0441\u0441\u0438\u043e\u043d\u0430\u043b\u044c\u043d\u0430\u044f \u0444\u0430\u0440\u0430<\/li>\n<li>Radio Software ECE<\/li>\n<li>Faruri suplimentare<\/li>\n<li>Asistare pilotaj<\/li>\n<li>Audio Pro<\/li>\n<li>&#8216;Difuzoarele active de \u00eenalt\u0103 calitate, cu ac\u021bionare separat\u0103 a tweeterului \u0219i a mid\/subwoofer, asigur\u0103 un sunet puternic \u0219i clar<\/li>\n<li>Pachet Comfort<\/li>\n<li>Inchiere centralizata<\/li>\n<li>\u0421\u0438\u0433\u043d\u0430\u043b\u0438\u0437\u0430\u0446\u0438\u044f<\/li>\n<li>Cric central<\/li>\n<li>Cutiile sistemului de bagaje variabil<\/li>\n<li>Pachet Dynamic<\/li>\n<li>X22AA &#8211; Transmisie Automata<\/li>\n<li>Moduri de condus profesionale<\/li>\n<li>Adaptarea dinamic\u0103 a \u0219asiului<\/li>\n<li>Frane sport<\/li>\n<li>Albastru Racing metalizat<\/li>\n<li>Design option evacuare II<\/li>\n<li>Ornament design jante<\/li>\n<li>Galerie evacuare cromata<\/li>\n<li>X652A &#8211; Ghidon tubular<\/li>\n<li>Deflectoarele de v\u00e2nt variabile<\/li>\n<li>Pachet comfort pentru pasager<\/li>\n<li>Suprt topcase<\/li>\n<li>Topcase<\/li>\n<li>Priza 12V<\/li>\n<li>Sa comfort pilot<\/li>\n<li>Sa comfort pasager<\/li>\n<li>Garantie 5 ani<\/li>\n<li>Manual de utilizare in limba Romana<\/li>\n<li>VIN: WB10M4104T 6L80226<\/li>\n<\/ul>","protected":false},"featured_media":8013,"comment_status":"open","ping_status":"closed","template":"","meta":{"_acf_changed":false},"product_cat":[20],"product_tag":[],"class_list":["post-8012","product","type-product","status-publish","has-post-thumbnail","hentry","product_cat-motociclete"],"acf":[],"_links":{"self":[{"href":"https:\/\/autospace.md\/ru\/wp-json\/wp\/v2\/product\/8012","targetHints":{"allow":["GET"]}}],"collection":[{"href":"https:\/\/autospace.md\/ru\/wp-json\/wp\/v2\/product"}],"about":[{"href":"https:\/\/autospace.md\/ru\/wp-json\/wp\/v2\/types\/product"}],"replies":[{"embeddable":true,"href":"https:\/\/autospace.md\/ru\/wp-json\/wp\/v2\/comments?post=8012"}],"version-history":[{"count":2,"href":"https:\/\/autospace.md\/ru\/wp-json\/wp\/v2\/product\/8012\/revisions"}],"predecessor-version":[{"id":8028,"href":"https:\/\/autospace.md\/ru\/wp-json\/wp\/v2\/product\/8012\/revisions\/8028"}],"wp:featuredmedia":[{"embeddable":true,"href":"https:\/\/autospace.md\/ru\/wp-json\/wp\/v2\/media\/8013"}],"wp:attachment":[{"href":"https:\/\/autospace.md\/ru\/wp-json\/wp\/v2\/media?parent=8012"}],"wp:term":[{"taxonomy":"product_cat","embeddable":true,"href":"https:\/\/autospace.md\/ru\/wp-json\/wp\/v2\/product_cat?post=8012"},{"taxonomy":"product_tag","embeddable":true,"href":"https:\/\/autospace.md\/ru\/wp-json\/wp\/v2\/product_tag?post=8012"}],"curies":[{"name":"wp","href":"https:\/\/api.w.org\/{rel}","templated":true}]}}