{"id":8147,"date":"2026-05-08T11:07:16","date_gmt":"2026-05-08T09:07:16","guid":{"rendered":"https:\/\/autospace.md\/?post_type=product&#038;p=8147"},"modified":"2026-05-08T11:39:52","modified_gmt":"2026-05-08T09:39:52","slug":"bmw-r-1300-gsa-8","status":"publish","type":"product","link":"https:\/\/autospace.md\/ru\/product\/bmw-r-1300-gsa-8\/","title":{"rendered":"BMW R 1300 GSA"},"content":{"rendered":"<p><strong>Echipament standard<\/strong><\/p>\n<ul>\n<li>M\u00e2nere \u00eenc\u0103lzite<\/li>\n<li>Control de croazier\u0103 DCC<\/li>\n<li>RDC<\/li>\n<li>Plimbare f\u0103r\u0103 cheie<\/li>\n<li>ap\u0103r\u0103toare de m\u00e2n\u0103 extins\u0103 cu indicatoare integrate<\/li>\n<li>Faruri auxiliare<\/li>\n<li>tren de rulare electronic DAS cu egalizare a sarcinii<\/li>\n<li>diverse op\u021biuni de montare pentru accesorii<\/li>\n<\/ul>\n<p><strong>Echipamente speciale<\/strong><\/p>\n<ul>\n<li>Controlul adaptiv al \u00een\u0103l\u021bimii vehiculului<\/li>\n<li>Asistent automatizat pentru schimbarea treptelor de vitez\u0103<\/li>\n<li>Asistent la c\u0103l\u0103rit cu senzori radar<\/li>\n<li>Jante forjate Enduro<\/li>\n<li>Pachet Enduro Pro<\/li>\n<li>Suport de top cu interfa\u021b\u0103 electric\u0103<\/li>\n<li>Ghidon confortabil<\/li>\n<li>Amortizor dublu<\/li>\n<li><strong>Accesorii speciale<\/strong><\/li>\n<li>Carcas\u0103 din aluminiu<\/li>\n<li>Extensie de volum pentru cutii din aluminiu<\/li>\n<li>Carcas\u0103 superioar\u0103 din aluminiu cu interfa\u021b\u0103 electric\u0103<\/li>\n<li>Plac\u0103 de bagaje pentru scaunul pasagerului<\/li>\n<li>Geant\u0103 rezervor<\/li>\n<li>diverse panouri<\/li>\n<li>Protec\u021bia farurilor<\/li>\n<li>Ata\u0219ament spoiler pentru parbriz<\/li>\n<\/ul>","protected":false},"excerpt":{"rendered":"<ul>\n<li>Double silencer<\/li>\n<li>Adaptive vehicle height control comfort<\/li>\n<li>Headlight Pro<\/li>\n<li>Country specific light control<\/li>\n<li>Windshield high<\/li>\n<li>Riding Assistant<\/li>\n<li>&#8216;Contains ACC, Forward Collision Warning and Lane Change Warning<\/li>\n<li>Anti theft alarm system<\/li>\n<li>Comfort handlebars<\/li>\n<li>Topcase carrier<\/li>\n<li>Touring package<\/li>\n<li>Preparation for GPS Device<\/li>\n<li>Chrome-plated header pipe<\/li>\n<li>Windscreen el. adjustable<\/li>\n<li>Hand protector extension<\/li>\n<li>Main stand<\/li>\n<li>Panniers fastenings for aluminium panniers<\/li>\n<li>Dynamic package<\/li>\n<li>X22AA &#8211; Automated shift assistant<\/li>\n<li>Riding Modes Pro<\/li>\n<li>Sports brake<\/li>\n<li>Style Option 719<\/li>\n<li>Aurelius Green metallic matt<\/li>\n<li>Comfort rider&#8217;s seat<\/li>\n<li>Comfot passenger seat<\/li>\n<li>X771A &#8211; Cross spoke wheels (Black)<\/li>\n<li>Option 719 Billet Pack Shadow<\/li>\n<li>M lightweight battery<\/li>\n<li>3 Year Warranty<\/li>\n<li>Rider&#8217;s manual Romanian<\/li>\n<li>VIN: WB10M3101T 6M71142<\/li>\n<\/ul>","protected":false},"featured_media":8138,"comment_status":"open","ping_status":"closed","template":"","meta":{"_acf_changed":false},"product_cat":[20],"product_tag":[],"class_list":["post-8147","product","type-product","status-publish","has-post-thumbnail","hentry","product_cat-motociclete"],"acf":[],"_links":{"self":[{"href":"https:\/\/autospace.md\/ru\/wp-json\/wp\/v2\/product\/8147","targetHints":{"allow":["GET"]}}],"collection":[{"href":"https:\/\/autospace.md\/ru\/wp-json\/wp\/v2\/product"}],"about":[{"href":"https:\/\/autospace.md\/ru\/wp-json\/wp\/v2\/types\/product"}],"replies":[{"embeddable":true,"href":"https:\/\/autospace.md\/ru\/wp-json\/wp\/v2\/comments?post=8147"}],"version-history":[{"count":1,"href":"https:\/\/autospace.md\/ru\/wp-json\/wp\/v2\/product\/8147\/revisions"}],"predecessor-version":[{"id":8149,"href":"https:\/\/autospace.md\/ru\/wp-json\/wp\/v2\/product\/8147\/revisions\/8149"}],"wp:featuredmedia":[{"embeddable":true,"href":"https:\/\/autospace.md\/ru\/wp-json\/wp\/v2\/media\/8138"}],"wp:attachment":[{"href":"https:\/\/autospace.md\/ru\/wp-json\/wp\/v2\/media?parent=8147"}],"wp:term":[{"taxonomy":"product_cat","embeddable":true,"href":"https:\/\/autospace.md\/ru\/wp-json\/wp\/v2\/product_cat?post=8147"},{"taxonomy":"product_tag","embeddable":true,"href":"https:\/\/autospace.md\/ru\/wp-json\/wp\/v2\/product_tag?post=8147"}],"curies":[{"name":"wp","href":"https:\/\/api.w.org\/{rel}","templated":true}]}}